{"id":10852,"date":"2026-04-23T15:21:36","date_gmt":"2026-04-23T13:21:36","guid":{"rendered":"https:\/\/bistroberlage.com\/?page_id=10852"},"modified":"2026-04-24T09:45:43","modified_gmt":"2026-04-24T07:45:43","slug":"fete-des-meres","status":"publish","type":"page","link":"https:\/\/bistroberlage.com\/fr\/fete-des-meres\/","title":{"rendered":"F\u00eate des M\u00e8res"},"content":{"rendered":"\t\t<div data-elementor-type=\"wp-page\" data-elementor-id=\"10852\" class=\"elementor elementor-10852 elementor-10820\" data-elementor-post-type=\"page\">\n\t\t\t\t<div class=\"elementor-element elementor-element-9309a49 e-flex e-con-boxed e-con e-parent\" data-id=\"9309a49\" data-element_type=\"container\" data-e-type=\"container\">\n\t\t\t\t\t<div class=\"e-con-inner\">\n\t\t\t\t<div class=\"elementor-element elementor-element-df8d230 elementor-widget elementor-widget-spacer\" data-id=\"df8d230\" data-element_type=\"widget\" data-e-type=\"widget\" data-widget_type=\"spacer.default\">\n\t\t\t\t<div class=\"elementor-widget-container\">\n\t\t\t\t\t\t\t<div class=\"elementor-spacer\">\n\t\t\t<div class=\"elementor-spacer-inner\"><\/div>\n\t\t<\/div>\n\t\t\t\t\t\t<\/div>\n\t\t\t\t<\/div>\n\t\t\t\t\t<\/div>\n\t\t\t\t<\/div>\n\t\t<div class=\"elementor-element elementor-element-83df22a e-flex e-con-boxed e-con e-parent\" data-id=\"83df22a\" data-element_type=\"container\" data-e-type=\"container\">\n\t\t\t\t\t<div class=\"e-con-inner\">\n\t\t<div class=\"elementor-element elementor-element-ea97f63 e-con-full e-flex e-con e-child\" data-id=\"ea97f63\" data-element_type=\"container\" data-e-type=\"container\">\n\t\t\t\t<div class=\"elementor-element elementor-element-4558ab7 elementor-widget__width-initial elementor-widget elementor-widget-heading\" data-id=\"4558ab7\" data-element_type=\"widget\" data-e-type=\"widget\" data-widget_type=\"heading.default\">\n\t\t\t\t<div class=\"elementor-widget-container\">\n\t\t\t\t\t<h1 class=\"elementor-heading-title elementor-size-default\"><br>Brunch de la F\u00eate des M\u00e8res au Bistro Berlage<\/h1>\t\t\t\t<\/div>\n\t\t\t\t<\/div>\n\t\t\t\t<\/div>\n\t\t\t\t\t<\/div>\n\t\t\t\t<\/div>\n\t\t<div class=\"elementor-element elementor-element-c658d3d e-flex e-con-boxed e-con e-parent\" data-id=\"c658d3d\" data-element_type=\"container\" data-e-type=\"container\">\n\t\t\t\t\t<div class=\"e-con-inner\">\n\t\t<div class=\"elementor-element elementor-element-f5175ac e-con-full e-flex e-con e-child\" data-id=\"f5175ac\" data-element_type=\"container\" data-e-type=\"container\">\n\t\t\t\t<div class=\"elementor-element elementor-element-6539288 elementor-hidden-mobile elementor-widget elementor-widget-image\" data-id=\"6539288\" data-element_type=\"widget\" data-e-type=\"widget\" data-widget_type=\"image.default\">\n\t\t\t\t<div class=\"elementor-widget-container\">\n\t\t\t\t\t\t\t\t\t\t\t\t\t\t\t<img fetchpriority=\"high\" decoding=\"async\" width=\"800\" height=\"1000\" src=\"https:\/\/bistroberlage.com\/wp-content\/uploads\/2026\/04\/foto-taart-moederdag-819x1024.jpg\" class=\"attachment-large size-large wp-image-10812\" alt=\"\" srcset=\"https:\/\/bistroberlage.com\/wp-content\/uploads\/2026\/04\/foto-taart-moederdag-819x1024.jpg 819w, https:\/\/bistroberlage.com\/wp-content\/uploads\/2026\/04\/foto-taart-moederdag-240x300.jpg 240w, https:\/\/bistroberlage.com\/wp-content\/uploads\/2026\/04\/foto-taart-moederdag-768x960.jpg 768w, https:\/\/bistroberlage.com\/wp-content\/uploads\/2026\/04\/foto-taart-moederdag.jpg 1024w\" sizes=\"(max-width: 800px) 100vw, 800px\" \/>\t\t\t\t\t\t\t\t\t\t\t\t\t\t\t<\/div>\n\t\t\t\t<\/div>\n\t\t\t\t<\/div>\n\t\t<div class=\"elementor-element elementor-element-d799db7 e-con-full e-flex e-con e-child\" data-id=\"d799db7\" data-element_type=\"container\" data-e-type=\"container\">\n\t\t\t\t<div class=\"elementor-element elementor-element-d135cfc elementor-widget elementor-widget-text-editor\" data-id=\"d135cfc\" data-element_type=\"widget\" data-e-type=\"widget\" data-widget_type=\"text-editor.default\">\n\t\t\t\t<div class=\"elementor-widget-container\">\n\t\t\t\t\t\t\t\t\t<p data-start=\"104\" data-end=\"364\">Offrez \u00e0 votre m\u00e8re une exp\u00e9rience inoubliable \u00e0 l\u2019occasion de la F\u00eate des M\u00e8res avec un brunch au Bistro Berlage. <strong>Le 10 mai, de 11h00 \u00e0 15h00<\/strong>, nous proposons un brunch festif compos\u00e9 de <strong>trois plats savoureux et d\u2019une boisson de bienvenue, pour seulement 35 \u20ac.<\/strong><\/p><p id=\"tw-target-text\" class=\"tw-data-text tw-text-large tw-ta\" dir=\"ltr\" tabindex=\"-1\" role=\"text\" data-placeholder=\"Vertaling\" data-ved=\"2ahUKEwiyvJ-P-4WUAxXnlP0HHeo2BKAQ3ewLegQIDBAW\" aria-label=\"Vertaalde tekst: Ceux qui souhaitent se faire plaisir peuvent opter pour un \u00ab brunch \u00e0 volont\u00e9 \u00bb pour 20 \u20ac suppl\u00e9mentaires, comprenant des mimosas et du cava.\"><span class=\"Y2IQFc\" lang=\"fr\">Ceux qui souhaitent se faire plaisir peuvent<strong> opter pour un &lsquo;bottomless brunch&rsquo; pour \u20ac20 suppl\u00e9mentaires<\/strong>, comprenant des mimosas et du cava.<\/span><\/p><p data-start=\"366\" data-end=\"769\">Notre restaurant et sa terrasse ensoleill\u00e9e seront d\u00e9cor\u00e9s avec soin pour cr\u00e9er une ambiance chaleureuse d\u00e8s votre arriv\u00e9e. Le brunch d\u00e9bute par un Mimosa (\u00e9galement disponible sans alcool), suivi d\u2019un croissant et d\u2019un sandwich \u00e0 partager, bien s\u00fbr choisi par la maman. Pour terminer en douceur, nous servons notre c\u00e9l\u00e8bre tarte aux pommes maison, accompagn\u00e9e d\u2019une boule de glace et de cr\u00e8me fouett\u00e9e.<\/p><p data-start=\"771\" data-end=\"896\">Parce que cette journ\u00e9e lui est d\u00e9di\u00e9e, chaque maman recevra \u00e9galement une attention particuli\u00e8re de la part de notre \u00e9quipe.<\/p><p data-start=\"898\" data-end=\"1018\">Que vous veniez en t\u00eate-\u00e0-t\u00eate ou en famille, c\u2019est la fa\u00e7on id\u00e9ale de c\u00e9l\u00e9brer la F\u00eate des M\u00e8res au centre d\u2019Amsterdam.<\/p><p data-start=\"1020\" data-end=\"1147\"><strong>Les r\u00e9servations se font exclusivement en ligne et les places sont limit\u00e9es<\/strong>, nous vous conseillons donc de r\u00e9server \u00e0 l\u2019avance.<\/p><p data-start=\"1149\" data-end=\"1241\">En cas d\u2019allergies ou de r\u00e9gimes alimentaires sp\u00e9cifiques, n\u2019h\u00e9sitez pas \u00e0 nous en informer.<\/p>\t\t\t\t\t\t\t\t<\/div>\n\t\t\t\t<\/div>\n\t\t\t\t<\/div>\n\t\t<div class=\"elementor-element elementor-element-2b6e68b e-con-full e-flex e-con e-child\" data-id=\"2b6e68b\" data-element_type=\"container\" data-e-type=\"container\">\n\t\t\t\t<div class=\"elementor-element elementor-element-f3bc832 elementor-widget elementor-widget-image\" data-id=\"f3bc832\" data-element_type=\"widget\" data-e-type=\"widget\" data-widget_type=\"image.default\">\n\t\t\t\t<div class=\"elementor-widget-container\">\n\t\t\t\t\t\t\t\t\t\t\t\t\t\t\t<img decoding=\"async\" width=\"800\" height=\"1000\" src=\"https:\/\/bistroberlage.com\/wp-content\/uploads\/2026\/04\/brunch-moederdag-v2-819x1024.jpg\" class=\"attachment-large size-large wp-image-10837\" alt=\"\" srcset=\"https:\/\/bistroberlage.com\/wp-content\/uploads\/2026\/04\/brunch-moederdag-v2-819x1024.jpg 819w, https:\/\/bistroberlage.com\/wp-content\/uploads\/2026\/04\/brunch-moederdag-v2-240x300.jpg 240w, https:\/\/bistroberlage.com\/wp-content\/uploads\/2026\/04\/brunch-moederdag-v2-768x960.jpg 768w, https:\/\/bistroberlage.com\/wp-content\/uploads\/2026\/04\/brunch-moederdag-v2.jpg 1024w\" sizes=\"(max-width: 800px) 100vw, 800px\" \/>\t\t\t\t\t\t\t\t\t\t\t\t\t\t\t<\/div>\n\t\t\t\t<\/div>\n\t\t\t\t<\/div>\n\t\t\t\t\t<\/div>\n\t\t\t\t<\/div>\n\t\t<div class=\"elementor-element elementor-element-9a37879 e-flex e-con-boxed e-con e-parent\" data-id=\"9a37879\" data-element_type=\"container\" data-e-type=\"container\">\n\t\t\t\t\t<div class=\"e-con-inner\">\n\t\t\t\t<div class=\"elementor-element elementor-element-9896c52 elementor-align-center elementor-widget elementor-widget-button\" data-id=\"9896c52\" data-element_type=\"widget\" data-e-type=\"widget\" data-widget_type=\"button.default\">\n\t\t\t\t<div class=\"elementor-widget-container\">\n\t\t\t\t\t\t\t\t\t<div class=\"elementor-button-wrapper\">\n\t\t\t\t\t<a class=\"elementor-button elementor-button-link elementor-size-sm\" href=\"https:\/\/bookings.zenchef.com\/results?rid=376841&#038;pid=1001&#038;shxpid=108126&#038;lang=fr\" target=\"_blank\" rel=\"noopener\">\n\t\t\t\t\t\t<span class=\"elementor-button-content-wrapper\">\n\t\t\t\t\t\t\t\t\t<span class=\"elementor-button-text\">R\u00e9server<\/span>\n\t\t\t\t\t<\/span>\n\t\t\t\t\t<\/a>\n\t\t\t\t<\/div>\n\t\t\t\t\t\t\t\t<\/div>\n\t\t\t\t<\/div>\n\t\t\t\t\t<\/div>\n\t\t\t\t<\/div>\n\t\t<div class=\"elementor-element elementor-element-37c7ac5 e-flex e-con-boxed e-con e-parent\" data-id=\"37c7ac5\" data-element_type=\"container\" data-e-type=\"container\">\n\t\t\t\t\t<div class=\"e-con-inner\">\n\t\t\t\t<div class=\"elementor-element elementor-element-28ac35d elementor-align-center elementor-widget elementor-widget-button\" data-id=\"28ac35d\" data-element_type=\"widget\" data-e-type=\"widget\" data-widget_type=\"button.default\">\n\t\t\t\t<div class=\"elementor-widget-container\">\n\t\t\t\t\t\t\t\t\t<div class=\"elementor-button-wrapper\">\n\t\t\t\t\t<a class=\"elementor-button elementor-button-link elementor-size-sm\" href=\"https:\/\/bistroberlage.com\/wp-content\/uploads\/2026\/04\/1.png\">\n\t\t\t\t\t\t<span class=\"elementor-button-content-wrapper\">\n\t\t\t\t\t\t\t\t\t<span class=\"elementor-button-text\">Menu<\/span>\n\t\t\t\t\t<\/span>\n\t\t\t\t\t<\/a>\n\t\t\t\t<\/div>\n\t\t\t\t\t\t\t\t<\/div>\n\t\t\t\t<\/div>\n\t\t\t\t\t<\/div>\n\t\t\t\t<\/div>\n\t\t<div class=\"elementor-element elementor-element-02ee258 e-flex e-con-boxed e-con e-parent\" data-id=\"02ee258\" data-element_type=\"container\" data-e-type=\"container\">\n\t\t\t\t\t<div class=\"e-con-inner\">\n\t\t\t\t<div class=\"elementor-element elementor-element-0e8b1d0 elementor-widget elementor-widget-spacer\" data-id=\"0e8b1d0\" data-element_type=\"widget\" data-e-type=\"widget\" data-widget_type=\"spacer.default\">\n\t\t\t\t<div class=\"elementor-widget-container\">\n\t\t\t\t\t\t\t<div class=\"elementor-spacer\">\n\t\t\t<div class=\"elementor-spacer-inner\"><\/div>\n\t\t<\/div>\n\t\t\t\t\t\t<\/div>\n\t\t\t\t<\/div>\n\t\t\t\t\t<\/div>\n\t\t\t\t<\/div>\n\t\t\t\t<\/div>\n\t\t","protected":false},"excerpt":{"rendered":"<p>Brunch de la F\u00eate des M\u00e8res au Bistro Berlage Offrez \u00e0 votre m\u00e8re une exp\u00e9rience inoubliable \u00e0 l\u2019occasion de la F\u00eate des M\u00e8res avec un brunch au Bistro Berlage. Le 10 mai, de 11h00 \u00e0 15h00, nous proposons un brunch festif compos\u00e9 de trois plats savoureux et d\u2019une boisson de bienvenue, pour seulement 35 \u20ac. [&hellip;]<\/p>\n","protected":false},"author":24,"featured_media":8007,"parent":0,"menu_order":0,"comment_status":"closed","ping_status":"closed","template":"","meta":{"_acf_changed":false,"footnotes":""},"class_list":["post-10852","page","type-page","status-publish","has-post-thumbnail","hentry"],"acf":[],"_links":{"self":[{"href":"https:\/\/bistroberlage.com\/fr\/wp-json\/wp\/v2\/pages\/10852","targetHints":{"allow":["GET"]}}],"collection":[{"href":"https:\/\/bistroberlage.com\/fr\/wp-json\/wp\/v2\/pages"}],"about":[{"href":"https:\/\/bistroberlage.com\/fr\/wp-json\/wp\/v2\/types\/page"}],"author":[{"embeddable":true,"href":"https:\/\/bistroberlage.com\/fr\/wp-json\/wp\/v2\/users\/24"}],"replies":[{"embeddable":true,"href":"https:\/\/bistroberlage.com\/fr\/wp-json\/wp\/v2\/comments?post=10852"}],"version-history":[{"count":13,"href":"https:\/\/bistroberlage.com\/fr\/wp-json\/wp\/v2\/pages\/10852\/revisions"}],"predecessor-version":[{"id":10961,"href":"https:\/\/bistroberlage.com\/fr\/wp-json\/wp\/v2\/pages\/10852\/revisions\/10961"}],"wp:featuredmedia":[{"embeddable":true,"href":"https:\/\/bistroberlage.com\/fr\/wp-json\/wp\/v2\/media\/8007"}],"wp:attachment":[{"href":"https:\/\/bistroberlage.com\/fr\/wp-json\/wp\/v2\/media?parent=10852"}],"curies":[{"name":"wp","href":"https:\/\/api.w.org\/{rel}","templated":true}]}}