{"id":7985,"date":"2024-03-05T18:06:10","date_gmt":"2024-03-05T17:06:10","guid":{"rendered":"https:\/\/bistro-berlage.mysites.io\/producten\/"},"modified":"2025-09-19T16:47:30","modified_gmt":"2025-09-19T14:47:30","slug":"lesboissons","status":"publish","type":"page","link":"https:\/\/bistroberlage.com\/fr\/lesboissons\/","title":{"rendered":"Les boissons"},"content":{"rendered":"\t\t<div data-elementor-type=\"wp-page\" data-elementor-id=\"7985\" class=\"elementor elementor-7985 elementor-7664\" data-elementor-post-type=\"page\">\n\t\t\t\t<div class=\"elementor-element elementor-element-6e42985 e-con-full e-flex e-con e-parent\" data-id=\"6e42985\" data-element_type=\"container\" data-e-type=\"container\" data-settings=\"{&quot;background_background&quot;:&quot;classic&quot;}\">\n\t\t<div class=\"elementor-element elementor-element-a866700 e-flex e-con-boxed e-con e-child\" data-id=\"a866700\" data-element_type=\"container\" data-e-type=\"container\">\n\t\t\t\t\t<div class=\"e-con-inner\">\n\t\t\t\t<div class=\"elementor-element elementor-element-baefeef elementor-widget__width-initial elementor-widget elementor-widget-heading\" data-id=\"baefeef\" data-element_type=\"widget\" data-e-type=\"widget\" data-widget_type=\"heading.default\">\n\t\t\t\t<div class=\"elementor-widget-container\">\n\t\t\t\t\t<h1 class=\"elementor-heading-title elementor-size-default\">D\u00c9COUVREZ LES BOISSONS SIGNATURE DU BISTRO BERLAGE <\/h1>\t\t\t\t<\/div>\n\t\t\t\t<\/div>\n\t\t\t\t<div class=\"elementor-element elementor-element-b5a1f94 elementor-widget__width-initial elementor-widget elementor-widget-text-editor\" data-id=\"b5a1f94\" data-element_type=\"widget\" data-e-type=\"widget\" data-widget_type=\"text-editor.default\">\n\t\t\t\t<div class=\"elementor-widget-container\">\n\t\t\t\t\t\t\t\t\t<p><span class=\"TextRun SCXW133235953 BCX8\" lang=\"FR-FR\" xml:lang=\"FR-FR\" data-contrast=\"auto\"><span class=\"NormalTextRun SCXW133235953 BCX8\">Bienvenue sur une page exclusive, d\u00e9di\u00e9e \u00e0 deux boissons sp\u00e9ciales qui incarnent l&rsquo;essence du Bistro Berlage : le rafra\u00eechissant Berlage Wit et le s\u00e9duisant <\/span><span class=\"NormalTextRun SpellingErrorV2Themed SCXW133235953 BCX8\">Framboozle<\/span><span class=\"NormalTextRun SCXW133235953 BCX8\"> Gin. Ces cr\u00e9ations uniques sont le r\u00e9sultat de notre passion pour la qualit\u00e9, l&rsquo;h\u00e9ritage et l&rsquo;art de la belle vie.<\/span><\/span><\/p><p><span class=\"TextRun SCXW133235953 BCX8\" lang=\"FR-FR\" xml:lang=\"FR-FR\" data-contrast=\"auto\"><span class=\"NormalTextRun SCXW133235953 BCX8\"> Dans le c\u0153ur historique d&rsquo;Amsterdam, o\u00f9 chaque pierre et chaque verre racontent des histoires du pass\u00e9 et du pr\u00e9sent, nous avons d\u00e9velopp\u00e9 en collaboration avec des artisans deux boissons signature refl\u00e9tant notre amour pour l&rsquo;innovation et la tradition. Chaque gorg\u00e9e de ces boissons vous emm\u00e8ne dans un voyage savoureux \u00e0 travers le temps, mettant en vedette la riche histoire de notre emplacement et de la ville d&rsquo;Amsterdam.<\/span><\/span><span class=\"EOP SCXW133235953 BCX8\" data-ccp-props=\"{&quot;201341983&quot;:0,&quot;335559739&quot;:160,&quot;335559740&quot;:259}\">\u00a0<\/span><\/p>\t\t\t\t\t\t\t\t<\/div>\n\t\t\t\t<\/div>\n\t\t\t\t<div class=\"elementor-element elementor-element-919b6b3 elementor-absolute elementor-hidden-tablet_extra elementor-hidden-tablet elementor-hidden-mobile elementor-widget elementor-widget-image\" data-id=\"919b6b3\" data-element_type=\"widget\" data-e-type=\"widget\" data-settings=\"{&quot;_position&quot;:&quot;absolute&quot;}\" data-widget_type=\"image.default\">\n\t\t\t\t<div class=\"elementor-widget-container\">\n\t\t\t\t\t\t\t\t\t\t\t\t\t\t\t<img fetchpriority=\"high\" decoding=\"async\" width=\"720\" height=\"900\" src=\"https:\/\/bistroberlage.com\/wp-content\/uploads\/2024\/01\/pattern-half.svg\" class=\"attachment-large size-large wp-image-6559\" alt=\"\" \/>\t\t\t\t\t\t\t\t\t\t\t\t\t\t\t<\/div>\n\t\t\t\t<\/div>\n\t\t\t\t<div class=\"elementor-element elementor-element-00646a4 elementor-absolute elementor-hidden-desktop elementor-hidden-laptop elementor-widget elementor-widget-image\" data-id=\"00646a4\" data-element_type=\"widget\" data-e-type=\"widget\" data-settings=\"{&quot;_position&quot;:&quot;absolute&quot;}\" data-widget_type=\"image.default\">\n\t\t\t\t<div class=\"elementor-widget-container\">\n\t\t\t\t\t\t\t\t\t\t\t\t\t\t\t<img decoding=\"async\" width=\"177\" height=\"222\" src=\"https:\/\/bistroberlage.com\/wp-content\/uploads\/2024\/01\/Pattern-group-mobile.svg\" class=\"attachment-large size-large wp-image-8222\" alt=\"\" \/>\t\t\t\t\t\t\t\t\t\t\t\t\t\t\t<\/div>\n\t\t\t\t<\/div>\n\t\t\t\t\t<\/div>\n\t\t\t\t<\/div>\n\t\t\t\t<\/div>\n\t\t<div class=\"elementor-element elementor-element-2975e9f e-con-full e-flex e-con e-parent\" data-id=\"2975e9f\" data-element_type=\"container\" data-e-type=\"container\">\n\t\t\t\t<div class=\"elementor-element elementor-element-f51d6fc elementor-widget elementor-widget-image\" data-id=\"f51d6fc\" data-element_type=\"widget\" data-e-type=\"widget\" data-widget_type=\"image.default\">\n\t\t\t\t<div class=\"elementor-widget-container\">\n\t\t\t\t\t\t\t\t\t\t\t\t\t\t\t<img decoding=\"async\" width=\"2048\" height=\"1365\" src=\"https:\/\/bistroberlage.com\/wp-content\/uploads\/2024\/03\/20220419_Bistro_Berlage_032_5990.jpg\" class=\"attachment-full size-full wp-image-7986\" alt=\"\" srcset=\"https:\/\/bistroberlage.com\/wp-content\/uploads\/2024\/03\/20220419_Bistro_Berlage_032_5990.jpg.webp 2048w, https:\/\/bistroberlage.com\/wp-content\/uploads\/2024\/03\/20220419_Bistro_Berlage_032_5990-300x200.jpg.webp 300w, https:\/\/bistroberlage.com\/wp-content\/uploads\/2024\/03\/20220419_Bistro_Berlage_032_5990-1024x683.jpg.webp 1024w, https:\/\/bistroberlage.com\/wp-content\/uploads\/2024\/03\/20220419_Bistro_Berlage_032_5990-768x512.jpg.webp 768w, https:\/\/bistroberlage.com\/wp-content\/uploads\/2024\/03\/20220419_Bistro_Berlage_032_5990-1536x1024.jpg.webp 1536w\" sizes=\"(max-width: 2048px) 100vw, 2048px\" \/>\t\t\t\t\t\t\t\t\t\t\t\t\t\t\t<\/div>\n\t\t\t\t<\/div>\n\t\t\t\t<\/div>\n\t\t<div class=\"elementor-element elementor-element-159bb548 e-flex e-con-boxed e-con e-parent\" data-id=\"159bb548\" data-element_type=\"container\" data-e-type=\"container\">\n\t\t\t\t\t<div class=\"e-con-inner\">\n\t\t<div class=\"elementor-element elementor-element-214c6292 e-flex e-con-boxed e-con e-child\" data-id=\"214c6292\" data-element_type=\"container\" data-e-type=\"container\">\n\t\t\t\t\t<div class=\"e-con-inner\">\n\t\t<div class=\"elementor-element elementor-element-1ad4a24b e-flex e-con-boxed e-con e-child\" data-id=\"1ad4a24b\" data-element_type=\"container\" data-e-type=\"container\">\n\t\t\t\t\t<div class=\"e-con-inner\">\n\t\t\t\t<div class=\"elementor-element elementor-element-18b236d8 elementor-widget__width-initial elementor-widget elementor-widget-heading\" data-id=\"18b236d8\" data-element_type=\"widget\" data-e-type=\"widget\" data-widget_type=\"heading.default\">\n\t\t\t\t<div class=\"elementor-widget-container\">\n\t\t\t\t\t<h2 class=\"elementor-heading-title elementor-size-default\">LE BI\u00c8RE RACONT\u00c9E : WIT VAN BERLAGE <\/h2>\t\t\t\t<\/div>\n\t\t\t\t<\/div>\n\t\t\t\t<div class=\"elementor-element elementor-element-18352bad elementor-widget__width-initial elementor-widget elementor-widget-text-editor\" data-id=\"18352bad\" data-element_type=\"widget\" data-e-type=\"widget\" data-widget_type=\"text-editor.default\">\n\t\t\t\t<div class=\"elementor-widget-container\">\n\t\t\t\t\t\t\t\t\t<p><span data-contrast=\"auto\">\u00c0 l&rsquo;ombre historique de la Beurs van Berlage, o\u00f9 autrefois prosp\u00e9rait le commerce des grains, est n\u00e9 une bi\u00e8re unique : le Wit van Berlage. Cette brasse exclusive est le fruit d&rsquo;une collaboration sp\u00e9ciale avec la brasserie artisanale Berging \u00e0 Purmerend, ma\u00eetre dans la cr\u00e9ation de bi\u00e8res durables et de qualit\u00e9.<\/span><span data-ccp-props=\"{&quot;201341983&quot;:0,&quot;335559739&quot;:160,&quot;335559740&quot;:259}\">\u00a0<\/span><\/p><p><span data-contrast=\"auto\">Le Wit van Berlage est plus qu&rsquo;une bi\u00e8re ; c&rsquo;est un hommage au riche pass\u00e9 de la Beurs van Berlage, inspir\u00e9 sp\u00e9cifiquement par la salle des march\u00e9s aux grains. Le m\u00e9lange soigneusement s\u00e9lectionn\u00e9 de malts r\u00e9v\u00e8le des notes de grains riches, tandis qu&rsquo;une subtile touche d&rsquo;orange donne \u00e0 la bi\u00e8re un caract\u00e8re rafra\u00eechissant. Chaque gorg\u00e9e raconte l&rsquo;histoire de l&rsquo;artisanat, de la tradition et de l&rsquo;innovation.<\/span><span data-ccp-props=\"{&quot;201341983&quot;:0,&quot;335559739&quot;:160,&quot;335559740&quot;:259}\">\u00a0<\/span><\/p>\t\t\t\t\t\t\t\t<\/div>\n\t\t\t\t<\/div>\n\t\t\t\t\t<\/div>\n\t\t\t\t<\/div>\n\t\t<div class=\"elementor-element elementor-element-1d89ac59 e-con-full e-flex e-con e-child\" data-id=\"1d89ac59\" data-element_type=\"container\" data-e-type=\"container\">\n\t\t\t\t<div class=\"elementor-element elementor-element-35367384 elementor-widget__width-initial elementor-widget elementor-widget-image\" data-id=\"35367384\" data-element_type=\"widget\" data-e-type=\"widget\" data-widget_type=\"image.default\">\n\t\t\t\t<div class=\"elementor-widget-container\">\n\t\t\t\t\t\t\t\t\t\t\t\t\t\t\t<img loading=\"lazy\" decoding=\"async\" width=\"1000\" height=\"1000\" src=\"https:\/\/bistroberlage.com\/wp-content\/uploads\/2024\/03\/Wit-van-Berlage.jpg\" class=\"attachment-full size-full wp-image-7987\" alt=\"\" srcset=\"https:\/\/bistroberlage.com\/wp-content\/uploads\/2024\/03\/Wit-van-Berlage.jpg.webp 1000w, https:\/\/bistroberlage.com\/wp-content\/uploads\/2024\/03\/Wit-van-Berlage-300x300.jpg.webp 300w, https:\/\/bistroberlage.com\/wp-content\/uploads\/2024\/03\/Wit-van-Berlage-150x150.jpg.webp 150w, https:\/\/bistroberlage.com\/wp-content\/uploads\/2024\/03\/Wit-van-Berlage-768x768.jpg.webp 768w\" sizes=\"(max-width: 1000px) 100vw, 1000px\" \/>\t\t\t\t\t\t\t\t\t\t\t\t\t\t\t<\/div>\n\t\t\t\t<\/div>\n\t\t\t\t<\/div>\n\t\t\t\t\t<\/div>\n\t\t\t\t<\/div>\n\t\t<div class=\"elementor-element elementor-element-21ecc6c8 e-flex e-con-boxed e-con e-child\" data-id=\"21ecc6c8\" data-element_type=\"container\" data-e-type=\"container\">\n\t\t\t\t\t<div class=\"e-con-inner\">\n\t\t<div class=\"elementor-element elementor-element-457dbe5 e-con-full e-flex e-con e-child\" data-id=\"457dbe5\" data-element_type=\"container\" data-e-type=\"container\">\n\t\t\t\t<div class=\"elementor-element elementor-element-23a0e842 elementor-widget__width-initial elementor-widget elementor-widget-image\" data-id=\"23a0e842\" data-element_type=\"widget\" data-e-type=\"widget\" data-widget_type=\"image.default\">\n\t\t\t\t<div class=\"elementor-widget-container\">\n\t\t\t\t\t\t\t\t\t\t\t\t\t\t\t<img decoding=\"async\" width=\"2048\" height=\"1365\" src=\"https:\/\/bistroberlage.com\/wp-content\/uploads\/2024\/03\/20220419_Bistro_Berlage_032_5990.jpg\" class=\"attachment-full size-full wp-image-7986\" alt=\"\" srcset=\"https:\/\/bistroberlage.com\/wp-content\/uploads\/2024\/03\/20220419_Bistro_Berlage_032_5990.jpg.webp 2048w, https:\/\/bistroberlage.com\/wp-content\/uploads\/2024\/03\/20220419_Bistro_Berlage_032_5990-300x200.jpg.webp 300w, https:\/\/bistroberlage.com\/wp-content\/uploads\/2024\/03\/20220419_Bistro_Berlage_032_5990-1024x683.jpg.webp 1024w, https:\/\/bistroberlage.com\/wp-content\/uploads\/2024\/03\/20220419_Bistro_Berlage_032_5990-768x512.jpg.webp 768w, https:\/\/bistroberlage.com\/wp-content\/uploads\/2024\/03\/20220419_Bistro_Berlage_032_5990-1536x1024.jpg.webp 1536w\" sizes=\"(max-width: 2048px) 100vw, 2048px\" \/>\t\t\t\t\t\t\t\t\t\t\t\t\t\t\t<\/div>\n\t\t\t\t<\/div>\n\t\t\t\t<\/div>\n\t\t<div class=\"elementor-element elementor-element-23e83bbc e-flex e-con-boxed e-con e-child\" data-id=\"23e83bbc\" data-element_type=\"container\" data-e-type=\"container\">\n\t\t\t\t\t<div class=\"e-con-inner\">\n\t\t\t\t<div class=\"elementor-element elementor-element-12ad4af0 elementor-widget__width-initial elementor-widget elementor-widget-heading\" data-id=\"12ad4af0\" data-element_type=\"widget\" data-e-type=\"widget\" data-widget_type=\"heading.default\">\n\t\t\t\t<div class=\"elementor-widget-container\">\n\t\t\t\t\t<h2 class=\"elementor-heading-title elementor-size-default\">UN TOAST \u00c0 L'ARTISANAT <\/h2>\t\t\t\t<\/div>\n\t\t\t\t<\/div>\n\t\t\t\t<div class=\"elementor-element elementor-element-7044faf elementor-widget__width-initial elementor-widget elementor-widget-text-editor\" data-id=\"7044faf\" data-element_type=\"widget\" data-e-type=\"widget\" data-widget_type=\"text-editor.default\">\n\t\t\t\t<div class=\"elementor-widget-container\">\n\t\t\t\t\t\t\t\t\t<p><span class=\"TextRun SCXW80586776 BCX8\" lang=\"FR-FR\" xml:lang=\"FR-FR\" data-contrast=\"auto\"><span class=\"NormalTextRun SCXW80586776 BCX8\">Brass\u00e9 avec passion et pr\u00e9cision par la brasserie <\/span><span class=\"NormalTextRun SpellingErrorV2Themed SCXW80586776 BCX8\">Berging<\/span><span class=\"NormalTextRun SCXW80586776 BCX8\">, le Wit van Berlage symbolise la qu\u00eate continue d&rsquo;excellence et de durabilit\u00e9. Le Wit van Berlage n&rsquo;est pas juste une bi\u00e8re, c&rsquo;est une exp\u00e9rience. Une exp\u00e9rience qui vous emm\u00e8ne dans un voyage \u00e0 travers le temps et les saveurs. Nous vous invitons \u00e0 go\u00fbter \u00e0 cet or liquide par vous-m\u00eame et \u00e0 devenir partie int\u00e9grante de l&rsquo;histoire que le Bistro Berlage et la brasserie <\/span><span class=\"NormalTextRun SpellingErrorV2Themed SCXW80586776 BCX8\">Berging<\/span><span class=\"NormalTextRun SCXW80586776 BCX8\"> racontent ensemble.<\/span><\/span><span class=\"EOP SCXW80586776 BCX8\" data-ccp-props=\"{&quot;201341983&quot;:0,&quot;335559739&quot;:160,&quot;335559740&quot;:259}\">\u00a0<\/span><\/p>\t\t\t\t\t\t\t\t<\/div>\n\t\t\t\t<\/div>\n\t\t\t\t<div class=\"elementor-element elementor-element-cc8d42b elementor-widget elementor-widget-button\" data-id=\"cc8d42b\" data-element_type=\"widget\" data-e-type=\"widget\" data-widget_type=\"button.default\">\n\t\t\t\t<div class=\"elementor-widget-container\">\n\t\t\t\t\t\t\t\t\t<div class=\"elementor-button-wrapper\">\n\t\t\t\t\t<a class=\"elementor-button elementor-button-link elementor-size-sm\" href=\"https:\/\/www.bergingbrouwerij.nl\/\" target=\"_blank\" rel=\"noopener\">\n\t\t\t\t\t\t<span class=\"elementor-button-content-wrapper\">\n\t\t\t\t\t\t\t\t\t<span class=\"elementor-button-text\">berging brasserie<\/span>\n\t\t\t\t\t<\/span>\n\t\t\t\t\t<\/a>\n\t\t\t\t<\/div>\n\t\t\t\t\t\t\t\t<\/div>\n\t\t\t\t<\/div>\n\t\t\t\t\t<\/div>\n\t\t\t\t<\/div>\n\t\t\t\t\t<\/div>\n\t\t\t\t<\/div>\n\t\t<div class=\"elementor-element elementor-element-6e91e4db e-flex e-con-boxed e-con e-child\" data-id=\"6e91e4db\" data-element_type=\"container\" data-e-type=\"container\">\n\t\t\t\t\t<div class=\"e-con-inner\">\n\t\t<div class=\"elementor-element elementor-element-1444d202 e-flex e-con-boxed e-con e-child\" data-id=\"1444d202\" data-element_type=\"container\" data-e-type=\"container\">\n\t\t\t\t\t<div class=\"e-con-inner\">\n\t\t\t\t<div class=\"elementor-element elementor-element-62027e2e elementor-widget__width-initial elementor-widget elementor-widget-heading\" data-id=\"62027e2e\" data-element_type=\"widget\" data-e-type=\"widget\" data-widget_type=\"heading.default\">\n\t\t\t\t<div class=\"elementor-widget-container\">\n\t\t\t\t\t<h2 class=\"elementor-heading-title elementor-size-default\">D\u00c9COUVREZ LE GO\u00dbT UNIQUE DE NOTRE GIN <\/h2>\t\t\t\t<\/div>\n\t\t\t\t<\/div>\n\t\t\t\t<div class=\"elementor-element elementor-element-5e97f00f elementor-widget__width-initial elementor-widget elementor-widget-text-editor\" data-id=\"5e97f00f\" data-element_type=\"widget\" data-e-type=\"widget\" data-widget_type=\"text-editor.default\">\n\t\t\t\t<div class=\"elementor-widget-container\">\n\t\t\t\t\t\t\t\t\t<p><span data-contrast=\"auto\">Au c\u0153ur vibrant d&rsquo;Amsterdam, o\u00f9 les \u00e9chos de l&rsquo;histoire se m\u00ealent aux vibrations du pr\u00e9sent, le Bistro Berlage pr\u00e9sente fi\u00e8rement son propre gin exclusif : le Wynand Fockink Framboozle Gin. Ce distillat exquis est le r\u00e9sultat d&rsquo;une collaboration inspirante avec la distillerie l\u00e9gendaire Wynand Fockink, un bastion de l&rsquo;art de la distillation artisanale depuis le XVIIe si\u00e8cle.<\/span><span data-ccp-props=\"{&quot;201341983&quot;:0,&quot;335559739&quot;:160,&quot;335559740&quot;:259}\">\u00a0<\/span><\/p><p><span data-contrast=\"auto\">Le Framboozle Gin est une ode \u00e0 l&rsquo;innovation comme \u00e0 la tradition, soigneusement cr\u00e9\u00e9 pour titiller les sens. Avec sa base riche en baies de geni\u00e8vre, enrichie par l&rsquo;allure sucr\u00e9e de la framboise et une pointe d&rsquo;\u00e9pices secr\u00e8tes, ce gin offre une palette de saveurs unique qui incarne l&rsquo;essence de l&rsquo;h\u00e9ritage et de l&rsquo;hospitalit\u00e9 du Bistro Berlage.<\/span><span data-ccp-props=\"{&quot;201341983&quot;:0,&quot;335559739&quot;:160,&quot;335559740&quot;:259}\">\u00a0<\/span><\/p>\t\t\t\t\t\t\t\t<\/div>\n\t\t\t\t<\/div>\n\t\t\t\t<div class=\"elementor-element elementor-element-48d7635 elementor-widget elementor-widget-button\" data-id=\"48d7635\" data-element_type=\"widget\" data-e-type=\"widget\" data-widget_type=\"button.default\">\n\t\t\t\t<div class=\"elementor-widget-container\">\n\t\t\t\t\t\t\t\t\t<div class=\"elementor-button-wrapper\">\n\t\t\t\t\t<a class=\"elementor-button elementor-button-link elementor-size-sm\" href=\"https:\/\/wynand-fockink.nl\/nl\/home\" target=\"_blank\" rel=\"noopener\">\n\t\t\t\t\t\t<span class=\"elementor-button-content-wrapper\">\n\t\t\t\t\t\t\t\t\t<span class=\"elementor-button-text\">wynand fockink<\/span>\n\t\t\t\t\t<\/span>\n\t\t\t\t\t<\/a>\n\t\t\t\t<\/div>\n\t\t\t\t\t\t\t\t<\/div>\n\t\t\t\t<\/div>\n\t\t\t\t\t<\/div>\n\t\t\t\t<\/div>\n\t\t<div class=\"elementor-element elementor-element-814c2fd e-con-full e-flex e-con e-child\" data-id=\"814c2fd\" data-element_type=\"container\" data-e-type=\"container\">\n\t\t\t\t<div class=\"elementor-element elementor-element-5b63ae11 elementor-widget__width-initial elementor-widget elementor-widget-image\" data-id=\"5b63ae11\" data-element_type=\"widget\" data-e-type=\"widget\" data-widget_type=\"image.default\">\n\t\t\t\t<div class=\"elementor-widget-container\">\n\t\t\t\t\t\t\t\t\t\t\t\t\t\t\t<img loading=\"lazy\" decoding=\"async\" width=\"2048\" height=\"1365\" src=\"https:\/\/bistroberlage.com\/wp-content\/uploads\/2024\/01\/20231121_Bistro_Berlage_093_.jpg\" class=\"attachment-full size-full wp-image-8017\" alt=\"\" srcset=\"https:\/\/bistroberlage.com\/wp-content\/uploads\/2024\/01\/20231121_Bistro_Berlage_093_.jpg.webp 2048w, https:\/\/bistroberlage.com\/wp-content\/uploads\/2024\/01\/20231121_Bistro_Berlage_093_-300x200.jpg.webp 300w, https:\/\/bistroberlage.com\/wp-content\/uploads\/2024\/01\/20231121_Bistro_Berlage_093_-1024x683.jpg.webp 1024w, https:\/\/bistroberlage.com\/wp-content\/uploads\/2024\/01\/20231121_Bistro_Berlage_093_-768x512.jpg.webp 768w, https:\/\/bistroberlage.com\/wp-content\/uploads\/2024\/01\/20231121_Bistro_Berlage_093_-1536x1024.jpg.webp 1536w\" sizes=\"(max-width: 2048px) 100vw, 2048px\" \/>\t\t\t\t\t\t\t\t\t\t\t\t\t\t\t<\/div>\n\t\t\t\t<\/div>\n\t\t\t\t<\/div>\n\t\t\t\t\t<\/div>\n\t\t\t\t<\/div>\n\t\t\t\t\t<\/div>\n\t\t\t\t<\/div>\n\t\t\t\t<\/div>\n\t\t","protected":false},"excerpt":{"rendered":"<p>D\u00c9COUVREZ LES BOISSONS SIGNATURE DU BISTRO BERLAGE Bienvenue sur une page exclusive, d\u00e9di\u00e9e \u00e0 deux boissons sp\u00e9ciales qui incarnent l&rsquo;essence du Bistro Berlage : le rafra\u00eechissant Berlage Wit et le s\u00e9duisant Framboozle Gin. Ces cr\u00e9ations uniques sont le r\u00e9sultat de notre passion pour la qualit\u00e9, l&rsquo;h\u00e9ritage et l&rsquo;art de la belle vie. Dans le c\u0153ur [&hellip;]<\/p>\n","protected":false},"author":18,"featured_media":7987,"parent":0,"menu_order":0,"comment_status":"closed","ping_status":"closed","template":"","meta":{"_acf_changed":false,"footnotes":""},"class_list":["post-7985","page","type-page","status-publish","has-post-thumbnail","hentry"],"acf":[],"_links":{"self":[{"href":"https:\/\/bistroberlage.com\/fr\/wp-json\/wp\/v2\/pages\/7985","targetHints":{"allow":["GET"]}}],"collection":[{"href":"https:\/\/bistroberlage.com\/fr\/wp-json\/wp\/v2\/pages"}],"about":[{"href":"https:\/\/bistroberlage.com\/fr\/wp-json\/wp\/v2\/types\/page"}],"author":[{"embeddable":true,"href":"https:\/\/bistroberlage.com\/fr\/wp-json\/wp\/v2\/users\/18"}],"replies":[{"embeddable":true,"href":"https:\/\/bistroberlage.com\/fr\/wp-json\/wp\/v2\/comments?post=7985"}],"version-history":[{"count":9,"href":"https:\/\/bistroberlage.com\/fr\/wp-json\/wp\/v2\/pages\/7985\/revisions"}],"predecessor-version":[{"id":8760,"href":"https:\/\/bistroberlage.com\/fr\/wp-json\/wp\/v2\/pages\/7985\/revisions\/8760"}],"wp:featuredmedia":[{"embeddable":true,"href":"https:\/\/bistroberlage.com\/fr\/wp-json\/wp\/v2\/media\/7987"}],"wp:attachment":[{"href":"https:\/\/bistroberlage.com\/fr\/wp-json\/wp\/v2\/media?parent=7985"}],"curies":[{"name":"wp","href":"https:\/\/api.w.org\/{rel}","templated":true}]}}