{"id":7989,"date":"2024-01-15T10:37:41","date_gmt":"2024-01-15T09:37:41","guid":{"rendered":"https:\/\/bistro-berlage.mysites.io\/onze-historie\/"},"modified":"2025-09-19T16:47:29","modified_gmt":"2025-09-19T14:47:29","slug":"lhistoire","status":"publish","type":"page","link":"https:\/\/bistroberlage.com\/fr\/lhistoire\/","title":{"rendered":"L&rsquo;histoire"},"content":{"rendered":"\t\t<div data-elementor-type=\"wp-page\" data-elementor-id=\"7989\" class=\"elementor elementor-7989 elementor-7061\" data-elementor-post-type=\"page\">\n\t\t\t\t<div class=\"elementor-element elementor-element-6e42985 e-con-full e-flex e-con e-parent\" data-id=\"6e42985\" data-element_type=\"container\" data-e-type=\"container\" data-settings=\"{&quot;background_background&quot;:&quot;classic&quot;}\">\n\t\t<div class=\"elementor-element elementor-element-a866700 e-flex e-con-boxed e-con e-child\" data-id=\"a866700\" data-element_type=\"container\" data-e-type=\"container\">\n\t\t\t\t\t<div class=\"e-con-inner\">\n\t\t\t\t<div class=\"elementor-element elementor-element-baefeef elementor-widget__width-initial elementor-widget elementor-widget-heading\" data-id=\"baefeef\" data-element_type=\"widget\" data-e-type=\"widget\" data-widget_type=\"heading.default\">\n\t\t\t\t<div class=\"elementor-widget-container\">\n\t\t\t\t\t<h1 class=\"elementor-heading-title elementor-size-default\">L'HISTOIRE DU BISTRO BERLAGE <\/h1>\t\t\t\t<\/div>\n\t\t\t\t<\/div>\n\t\t\t\t<div class=\"elementor-element elementor-element-b5a1f94 elementor-widget__width-initial elementor-widget elementor-widget-text-editor\" data-id=\"b5a1f94\" data-element_type=\"widget\" data-e-type=\"widget\" data-widget_type=\"text-editor.default\">\n\t\t\t\t<div class=\"elementor-widget-container\">\n\t\t\t\t\t\t\t\t\t<p><span class=\"TextRun SCXW157609261 BCX8\" lang=\"FR-FR\" xml:lang=\"FR-FR\" data-contrast=\"auto\"><span class=\"NormalTextRun SCXW157609261 BCX8\">Plongez dans la magie du Bistro Berlage, autrefois l&rsquo;entr\u00e9e principale anim\u00e9e de la Bourse des Marchandises du complexe de la Beurs van Berlage. Un lieu o\u00f9 les commer\u00e7ants se rassemblaient, accrochaient leurs manteaux et entraient dans la Grande Salle, anim\u00e9s par le d\u00e9sir de commerce et de prosp\u00e9rit\u00e9. Con\u00e7u par le visionnaire Berlage, le b\u00e2timent symbolisait l&rsquo;ouverture et l&rsquo;accessibilit\u00e9, avec une large et accueillante place comme cour d&rsquo;entr\u00e9e pour tous ceux qui souhaitaient acc\u00e9der au c\u0153ur commercial d&rsquo;Amsterdam.<\/span><\/span><span class=\"EOP SCXW157609261 BCX8\" data-ccp-props=\"{&quot;201341983&quot;:0,&quot;335559739&quot;:160,&quot;335559740&quot;:259}\">\u00a0<\/span><\/p>\t\t\t\t\t\t\t\t<\/div>\n\t\t\t\t<\/div>\n\t\t\t\t<div class=\"elementor-element elementor-element-919b6b3 elementor-absolute elementor-hidden-tablet_extra elementor-hidden-tablet elementor-hidden-mobile elementor-widget elementor-widget-image\" data-id=\"919b6b3\" data-element_type=\"widget\" data-e-type=\"widget\" data-settings=\"{&quot;_position&quot;:&quot;absolute&quot;}\" data-widget_type=\"image.default\">\n\t\t\t\t<div class=\"elementor-widget-container\">\n\t\t\t\t\t\t\t\t\t\t\t\t\t\t\t<img fetchpriority=\"high\" decoding=\"async\" width=\"720\" height=\"900\" src=\"https:\/\/bistroberlage.com\/wp-content\/uploads\/2024\/01\/pattern-half.svg\" class=\"attachment-large size-large wp-image-6559\" alt=\"\" \/>\t\t\t\t\t\t\t\t\t\t\t\t\t\t\t<\/div>\n\t\t\t\t<\/div>\n\t\t\t\t<div class=\"elementor-element elementor-element-00646a4 elementor-absolute elementor-hidden-desktop elementor-hidden-laptop elementor-widget elementor-widget-image\" data-id=\"00646a4\" data-element_type=\"widget\" data-e-type=\"widget\" data-settings=\"{&quot;_position&quot;:&quot;absolute&quot;}\" data-widget_type=\"image.default\">\n\t\t\t\t<div class=\"elementor-widget-container\">\n\t\t\t\t\t\t\t\t\t\t\t\t\t\t\t<img decoding=\"async\" width=\"177\" height=\"222\" src=\"https:\/\/bistroberlage.com\/wp-content\/uploads\/2024\/01\/Pattern-group-mobile.svg\" class=\"attachment-large size-large wp-image-8222\" alt=\"\" \/>\t\t\t\t\t\t\t\t\t\t\t\t\t\t\t<\/div>\n\t\t\t\t<\/div>\n\t\t\t\t\t<\/div>\n\t\t\t\t<\/div>\n\t\t\t\t<\/div>\n\t\t<div class=\"elementor-element elementor-element-2975e9f e-con-full e-flex e-con e-parent\" data-id=\"2975e9f\" data-element_type=\"container\" data-e-type=\"container\">\n\t\t\t\t<div class=\"elementor-element elementor-element-f51d6fc elementor-widget elementor-widget-image\" data-id=\"f51d6fc\" data-element_type=\"widget\" data-e-type=\"widget\" data-widget_type=\"image.default\">\n\t\t\t\t<div class=\"elementor-widget-container\">\n\t\t\t\t\t\t\t\t\t\t\t\t\t\t\t<img decoding=\"async\" width=\"1500\" height=\"822\" src=\"https:\/\/bistroberlage.com\/wp-content\/uploads\/2024\/01\/officiele-ingang-beurs-nu-bistro_1.jpg\" class=\"attachment-full size-full wp-image-7990\" alt=\"\" srcset=\"https:\/\/bistroberlage.com\/wp-content\/uploads\/2024\/01\/officiele-ingang-beurs-nu-bistro_1.jpg.webp 1500w, https:\/\/bistroberlage.com\/wp-content\/uploads\/2024\/01\/officiele-ingang-beurs-nu-bistro_1-300x164.jpg.webp 300w, https:\/\/bistroberlage.com\/wp-content\/uploads\/2024\/01\/officiele-ingang-beurs-nu-bistro_1-1024x561.jpg.webp 1024w, https:\/\/bistroberlage.com\/wp-content\/uploads\/2024\/01\/officiele-ingang-beurs-nu-bistro_1-768x421.jpg.webp 768w\" sizes=\"(max-width: 1500px) 100vw, 1500px\" \/>\t\t\t\t\t\t\t\t\t\t\t\t\t\t\t<\/div>\n\t\t\t\t<\/div>\n\t\t\t\t<\/div>\n\t\t<div class=\"elementor-element elementor-element-159bb548 e-flex e-con-boxed e-con e-parent\" data-id=\"159bb548\" data-element_type=\"container\" data-e-type=\"container\">\n\t\t\t\t\t<div class=\"e-con-inner\">\n\t\t<div class=\"elementor-element elementor-element-214c6292 e-flex e-con-boxed e-con e-child\" data-id=\"214c6292\" data-element_type=\"container\" data-e-type=\"container\">\n\t\t\t\t\t<div class=\"e-con-inner\">\n\t\t<div class=\"elementor-element elementor-element-1ad4a24b e-flex e-con-boxed e-con e-child\" data-id=\"1ad4a24b\" data-element_type=\"container\" data-e-type=\"container\">\n\t\t\t\t\t<div class=\"e-con-inner\">\n\t\t\t\t<div class=\"elementor-element elementor-element-18b236d8 elementor-widget__width-initial elementor-widget elementor-widget-heading\" data-id=\"18b236d8\" data-element_type=\"widget\" data-e-type=\"widget\" data-widget_type=\"heading.default\">\n\t\t\t\t<div class=\"elementor-widget-container\">\n\t\t\t\t\t<h2 class=\"elementor-heading-title elementor-size-default\">\u00c9VEILLEZ-VOUS AVEC LA CLOCHE DE LA BOURSE <\/h2>\t\t\t\t<\/div>\n\t\t\t\t<\/div>\n\t\t\t\t<div class=\"elementor-element elementor-element-18352bad elementor-widget__width-initial elementor-widget elementor-widget-text-editor\" data-id=\"18352bad\" data-element_type=\"widget\" data-e-type=\"widget\" data-widget_type=\"text-editor.default\">\n\t\t\t\t<div class=\"elementor-widget-container\">\n\t\t\t\t\t\t\t\t\t<p><span class=\"TextRun SCXW29291579 BCX8\" lang=\"FR-FR\" xml:lang=\"FR-FR\" data-contrast=\"auto\"><span class=\"NormalTextRun SCXW29291579 BCX8\">Chaque matin, cinq minutes avant neuf heures, la cloche historique de la bourse r\u00e9sonne sur la place de la Bourse \u2013 une tradition toujours vivante aujourd&rsquo;hui. C&rsquo;\u00e9tait un appel qui rassemblait les commer\u00e7ants, les guidant \u00e0 travers les impressionnants tableaux de carreaux de Jan Toorop, et les invitant \u00e0 commencer la journ\u00e9e. Ces tableaux, racontant vivement le pass\u00e9, le pr\u00e9sent et le futur \u00e0 travers les yeux du socialisme, restent admirables et offrent un message intemporel de r\u00e9flexion et d&rsquo;inspiration.<\/span><\/span><span class=\"EOP SCXW29291579 BCX8\" data-ccp-props=\"{&quot;201341983&quot;:0,&quot;335559739&quot;:160,&quot;335559740&quot;:259}\">\u00a0<\/span><\/p>\t\t\t\t\t\t\t\t<\/div>\n\t\t\t\t<\/div>\n\t\t\t\t\t<\/div>\n\t\t\t\t<\/div>\n\t\t<div class=\"elementor-element elementor-element-1d89ac59 e-con-full e-flex e-con e-child\" data-id=\"1d89ac59\" data-element_type=\"container\" data-e-type=\"container\">\n\t\t\t\t<div class=\"elementor-element elementor-element-35367384 elementor-widget__width-initial elementor-widget elementor-widget-image\" data-id=\"35367384\" data-element_type=\"widget\" data-e-type=\"widget\" data-widget_type=\"image.default\">\n\t\t\t\t<div class=\"elementor-widget-container\">\n\t\t\t\t\t\t\t\t\t\t\t\t\t\t\t<img loading=\"lazy\" decoding=\"async\" width=\"2560\" height=\"1903\" src=\"https:\/\/bistroberlage.com\/wp-content\/uploads\/2024\/03\/B00000021076-scaled.jpg\" class=\"attachment-full size-full wp-image-8253\" alt=\"\" srcset=\"https:\/\/bistroberlage.com\/wp-content\/uploads\/2024\/03\/B00000021076-scaled.jpg.webp 2560w, https:\/\/bistroberlage.com\/wp-content\/uploads\/2024\/03\/B00000021076-300x223.jpg 300w, https:\/\/bistroberlage.com\/wp-content\/uploads\/2024\/03\/B00000021076-1024x761.jpg 1024w, https:\/\/bistroberlage.com\/wp-content\/uploads\/2024\/03\/B00000021076-768x571.jpg 768w, https:\/\/bistroberlage.com\/wp-content\/uploads\/2024\/03\/B00000021076-1536x1142.jpg 1536w, https:\/\/bistroberlage.com\/wp-content\/uploads\/2024\/03\/B00000021076-2048x1523.jpg 2048w\" sizes=\"(max-width: 2560px) 100vw, 2560px\" \/>\t\t\t\t\t\t\t\t\t\t\t\t\t\t\t<\/div>\n\t\t\t\t<\/div>\n\t\t\t\t<\/div>\n\t\t\t\t\t<\/div>\n\t\t\t\t<\/div>\n\t\t<div class=\"elementor-element elementor-element-21ecc6c8 e-flex e-con-boxed e-con e-child\" data-id=\"21ecc6c8\" data-element_type=\"container\" data-e-type=\"container\">\n\t\t\t\t\t<div class=\"e-con-inner\">\n\t\t<div class=\"elementor-element elementor-element-457dbe5 e-con-full e-flex e-con e-child\" data-id=\"457dbe5\" data-element_type=\"container\" data-e-type=\"container\">\n\t\t\t\t<div class=\"elementor-element elementor-element-23a0e842 elementor-widget__width-initial elementor-widget elementor-widget-image\" data-id=\"23a0e842\" data-element_type=\"widget\" data-e-type=\"widget\" data-widget_type=\"image.default\">\n\t\t\t\t<div class=\"elementor-widget-container\">\n\t\t\t\t\t\t\t\t\t\t\t\t\t\t\t<img loading=\"lazy\" decoding=\"async\" width=\"400\" height=\"400\" src=\"https:\/\/bistroberlage.com\/wp-content\/uploads\/2024\/01\/tableaus_toorop_naast_elkaar_situatie_voor_1907_zwart_wit_1.jpg\" class=\"attachment-full size-full wp-image-8245\" alt=\"\" srcset=\"https:\/\/bistroberlage.com\/wp-content\/uploads\/2024\/01\/tableaus_toorop_naast_elkaar_situatie_voor_1907_zwart_wit_1.jpg.webp 400w, https:\/\/bistroberlage.com\/wp-content\/uploads\/2024\/01\/tableaus_toorop_naast_elkaar_situatie_voor_1907_zwart_wit_1-300x300.jpg.webp 300w, https:\/\/bistroberlage.com\/wp-content\/uploads\/2024\/01\/tableaus_toorop_naast_elkaar_situatie_voor_1907_zwart_wit_1-150x150.jpg.webp 150w\" sizes=\"(max-width: 400px) 100vw, 400px\" \/>\t\t\t\t\t\t\t\t\t\t\t\t\t\t\t<\/div>\n\t\t\t\t<\/div>\n\t\t\t\t<\/div>\n\t\t<div class=\"elementor-element elementor-element-23e83bbc e-flex e-con-boxed e-con e-child\" data-id=\"23e83bbc\" data-element_type=\"container\" data-e-type=\"container\">\n\t\t\t\t\t<div class=\"e-con-inner\">\n\t\t\t\t<div class=\"elementor-element elementor-element-12ad4af0 elementor-widget__width-initial elementor-widget elementor-widget-heading\" data-id=\"12ad4af0\" data-element_type=\"widget\" data-e-type=\"widget\" data-widget_type=\"heading.default\">\n\t\t\t\t<div class=\"elementor-widget-container\">\n\t\t\t\t\t<h2 class=\"elementor-heading-title elementor-size-default\">LES TABLEAUX DE CARREAUX DE TOOROP <\/h2>\t\t\t\t<\/div>\n\t\t\t\t<\/div>\n\t\t\t\t<div class=\"elementor-element elementor-element-7044faf elementor-widget__width-initial elementor-widget elementor-widget-text-editor\" data-id=\"7044faf\" data-element_type=\"widget\" data-e-type=\"widget\" data-widget_type=\"text-editor.default\">\n\t\t\t\t<div class=\"elementor-widget-container\">\n\t\t\t\t\t\t\t\t\t<p><span class=\"TextRun SCXW146764708 BCX8\" lang=\"FR-FR\" xml:lang=\"FR-FR\" data-contrast=\"auto\"><span class=\"NormalTextRun SCXW146764708 BCX8\">Le vestibule de la Beurs van Berlage abrite un tr\u00e9sor unique : trois tableaux de carreaux symboliques de Jan Toorop. Ils d\u00e9fient le visiteur avec des visions d&rsquo;un futur possible et refl\u00e8tent les cycles du temps et de la soci\u00e9t\u00e9. Ces \u0153uvres d&rsquo;art, apr\u00e8s une r\u00e9novation soign\u00e9e, ont trouv\u00e9 une nouvelle maison et restent un spectacle fascinant d&rsquo;impressionnisme, de symbolisme et de pointillisme.<\/span><\/span><span class=\"EOP SCXW146764708 BCX8\" data-ccp-props=\"{&quot;201341983&quot;:0,&quot;335559739&quot;:160,&quot;335559740&quot;:259}\">\u00a0<\/span><\/p>\t\t\t\t\t\t\t\t<\/div>\n\t\t\t\t<\/div>\n\t\t\t\t<div class=\"elementor-element elementor-element-9bee892 elementor-widget elementor-widget-button\" data-id=\"9bee892\" data-element_type=\"widget\" data-e-type=\"widget\" data-widget_type=\"button.default\">\n\t\t\t\t<div class=\"elementor-widget-container\">\n\t\t\t\t\t\t\t\t\t<div class=\"elementor-button-wrapper\">\n\t\t\t\t\t<a class=\"elementor-button elementor-button-link elementor-size-sm\" href=\"https:\/\/bistroberlage.com\/fr\/tegeltableaus-van-toorop\/\">\n\t\t\t\t\t\t<span class=\"elementor-button-content-wrapper\">\n\t\t\t\t\t\t\t\t\t<span class=\"elementor-button-text\">Plus d'informations<\/span>\n\t\t\t\t\t<\/span>\n\t\t\t\t\t<\/a>\n\t\t\t\t<\/div>\n\t\t\t\t\t\t\t\t<\/div>\n\t\t\t\t<\/div>\n\t\t\t\t\t<\/div>\n\t\t\t\t<\/div>\n\t\t\t\t\t<\/div>\n\t\t\t\t<\/div>\n\t\t<div class=\"elementor-element elementor-element-6e91e4db e-flex e-con-boxed e-con e-child\" data-id=\"6e91e4db\" data-element_type=\"container\" data-e-type=\"container\">\n\t\t\t\t\t<div class=\"e-con-inner\">\n\t\t<div class=\"elementor-element elementor-element-1444d202 e-flex e-con-boxed e-con e-child\" data-id=\"1444d202\" data-element_type=\"container\" data-e-type=\"container\">\n\t\t\t\t\t<div class=\"e-con-inner\">\n\t\t\t\t<div class=\"elementor-element elementor-element-62027e2e elementor-widget__width-initial elementor-widget elementor-widget-heading\" data-id=\"62027e2e\" data-element_type=\"widget\" data-e-type=\"widget\" data-widget_type=\"heading.default\">\n\t\t\t\t<div class=\"elementor-widget-container\">\n\t\t\t\t\t<h2 class=\"elementor-heading-title elementor-size-default\">L'HISTOIRE EN PIERRE <\/h2>\t\t\t\t<\/div>\n\t\t\t\t<\/div>\n\t\t\t\t<div class=\"elementor-element elementor-element-5e97f00f elementor-widget__width-initial elementor-widget elementor-widget-text-editor\" data-id=\"5e97f00f\" data-element_type=\"widget\" data-e-type=\"widget\" data-widget_type=\"text-editor.default\">\n\t\t\t\t<div class=\"elementor-widget-container\">\n\t\t\t\t\t\t\t\t\t<p><span class=\"TextRun SCXW194549869 BCX8\" lang=\"FR-FR\" xml:lang=\"FR-FR\" data-contrast=\"auto\"><span class=\"NormalTextRun SCXW194549869 BCX8\">L&rsquo;ext\u00e9rieur de la Beurs van Berlage raconte une histoire avec ses bas-reliefs et cl\u00e9s de vo\u00fbte, chacun racontant une partie de l&rsquo;histoire sociale. Le mot de bienvenue cynique au-dessus des arcs invite les commer\u00e7ants et les visiteurs \u00e0 regarder au-del\u00e0 du commerce seul, et les outils simples symbolisent les besoins humains fondamentaux. Ces \u00e9l\u00e9ments t\u00e9moignent silencieusement des croyances et des ambitions d&rsquo;une \u00e9poque.<\/span><\/span><span class=\"EOP SCXW194549869 BCX8\" data-ccp-props=\"{&quot;201341983&quot;:0,&quot;335559739&quot;:160,&quot;335559740&quot;:259}\">\u00a0<\/span><\/p>\t\t\t\t\t\t\t\t<\/div>\n\t\t\t\t<\/div>\n\t\t\t\t\t<\/div>\n\t\t\t\t<\/div>\n\t\t<div class=\"elementor-element elementor-element-814c2fd e-con-full e-flex e-con e-child\" data-id=\"814c2fd\" data-element_type=\"container\" data-e-type=\"container\">\n\t\t\t\t<div class=\"elementor-element elementor-element-5b63ae11 elementor-widget__width-initial elementor-widget elementor-widget-image\" data-id=\"5b63ae11\" data-element_type=\"widget\" data-e-type=\"widget\" data-widget_type=\"image.default\">\n\t\t\t\t<div class=\"elementor-widget-container\">\n\t\t\t\t\t\t\t\t\t\t\t\t\t\t\t<img loading=\"lazy\" decoding=\"async\" width=\"400\" height=\"400\" src=\"https:\/\/bistroberlage.com\/wp-content\/uploads\/2024\/01\/bistro-berlage-gevel-decoratie.jpg\" class=\"attachment-full size-full wp-image-8246\" alt=\"\" srcset=\"https:\/\/bistroberlage.com\/wp-content\/uploads\/2024\/01\/bistro-berlage-gevel-decoratie.jpg.webp 400w, https:\/\/bistroberlage.com\/wp-content\/uploads\/2024\/01\/bistro-berlage-gevel-decoratie-300x300.jpg.webp 300w, https:\/\/bistroberlage.com\/wp-content\/uploads\/2024\/01\/bistro-berlage-gevel-decoratie-150x150.jpg.webp 150w\" sizes=\"(max-width: 400px) 100vw, 400px\" \/>\t\t\t\t\t\t\t\t\t\t\t\t\t\t\t<\/div>\n\t\t\t\t<\/div>\n\t\t\t\t<\/div>\n\t\t\t\t\t<\/div>\n\t\t\t\t<\/div>\n\t\t<div class=\"elementor-element elementor-element-7bb1f35 e-flex e-con-boxed e-con e-child\" data-id=\"7bb1f35\" data-element_type=\"container\" data-e-type=\"container\">\n\t\t\t\t\t<div class=\"e-con-inner\">\n\t\t<div class=\"elementor-element elementor-element-28d8a89 e-con-full e-flex e-con e-child\" data-id=\"28d8a89\" data-element_type=\"container\" data-e-type=\"container\">\n\t\t\t\t<div class=\"elementor-element elementor-element-8583cda elementor-widget__width-initial elementor-widget elementor-widget-image\" data-id=\"8583cda\" data-element_type=\"widget\" data-e-type=\"widget\" data-widget_type=\"image.default\">\n\t\t\t\t<div class=\"elementor-widget-container\">\n\t\t\t\t\t\t\t\t\t\t\t\t\t\t\t<img loading=\"lazy\" decoding=\"async\" width=\"2560\" height=\"1707\" src=\"https:\/\/bistroberlage.com\/wp-content\/uploads\/2024\/02\/BvB-Berlage-Zaal-04-scaled.jpg\" class=\"attachment-full size-full wp-image-8252\" alt=\"\" srcset=\"https:\/\/bistroberlage.com\/wp-content\/uploads\/2024\/02\/BvB-Berlage-Zaal-04-scaled.jpg.webp 2560w, https:\/\/bistroberlage.com\/wp-content\/uploads\/2024\/02\/BvB-Berlage-Zaal-04-300x200.jpg 300w, https:\/\/bistroberlage.com\/wp-content\/uploads\/2024\/02\/BvB-Berlage-Zaal-04-1024x683.jpg 1024w, https:\/\/bistroberlage.com\/wp-content\/uploads\/2024\/02\/BvB-Berlage-Zaal-04-768x512.jpg 768w, https:\/\/bistroberlage.com\/wp-content\/uploads\/2024\/02\/BvB-Berlage-Zaal-04-1536x1024.jpg 1536w, https:\/\/bistroberlage.com\/wp-content\/uploads\/2024\/02\/BvB-Berlage-Zaal-04-2048x1365.jpg 2048w\" sizes=\"(max-width: 2560px) 100vw, 2560px\" \/>\t\t\t\t\t\t\t\t\t\t\t\t\t\t\t<\/div>\n\t\t\t\t<\/div>\n\t\t\t\t<\/div>\n\t\t<div class=\"elementor-element elementor-element-0eb5054 e-flex e-con-boxed e-con e-child\" data-id=\"0eb5054\" data-element_type=\"container\" data-e-type=\"container\">\n\t\t\t\t\t<div class=\"e-con-inner\">\n\t\t\t\t<div class=\"elementor-element elementor-element-af25784 elementor-widget__width-initial elementor-widget elementor-widget-heading\" data-id=\"af25784\" data-element_type=\"widget\" data-e-type=\"widget\" data-widget_type=\"heading.default\">\n\t\t\t\t<div class=\"elementor-widget-container\">\n\t\t\t\t\t<h2 class=\"elementor-heading-title elementor-size-default\">LE VITRAIL : <\/h2>\t\t\t\t<\/div>\n\t\t\t\t<\/div>\n\t\t\t\t<div class=\"elementor-element elementor-element-b0d5fa2 elementor-widget__width-initial elementor-widget elementor-widget-text-editor\" data-id=\"b0d5fa2\" data-element_type=\"widget\" data-e-type=\"widget\" data-widget_type=\"text-editor.default\">\n\t\t\t\t<div class=\"elementor-widget-container\">\n\t\t\t\t\t\t\t\t\t<p><span class=\"TextRun SCXW95266776 BCX8\" lang=\"FR-FR\" xml:lang=\"FR-FR\" data-contrast=\"auto\"><span class=\"NormalTextRun SCXW95266776 BCX8\">Au-dessus de l&rsquo;entr\u00e9e du Bistro Berlage brille un vitrail d&rsquo;<\/span><span class=\"NormalTextRun SpellingErrorV2Themed SCXW95266776 BCX8\">Antoon<\/span> <span class=\"NormalTextRun SpellingErrorV2Themed SCXW95266776 BCX8\">Derkinderen<\/span><span class=\"NormalTextRun SCXW95266776 BCX8\">, une \u0153uvre d&rsquo;art qui \u00e9clairait autrefois la Chambre de Commerce et le gouvernement municipal d&rsquo;Amsterdam. Avec 21 repr\u00e9sentations allant des plan\u00e8tes et du zodiaque aux vertus d&rsquo;Amsterdam, le vitrail offre un aper\u00e7u du cosmique et du culturel, de l&rsquo;ordinaire et de l&rsquo;exceptionnel d&rsquo;Amsterdam. Aujourd&rsquo;hui, cet espace magnifique sert de sc\u00e8ne pour divers \u00e9v\u00e9nements, chacun avec une histoire aussi color\u00e9e que le vitrail lui-m\u00eame.<\/span><\/span><span class=\"EOP SCXW95266776 BCX8\" data-ccp-props=\"{&quot;201341983&quot;:0,&quot;335559739&quot;:160,&quot;335559740&quot;:259}\">\u00a0<\/span><\/p>\t\t\t\t\t\t\t\t<\/div>\n\t\t\t\t<\/div>\n\t\t\t\t\t<\/div>\n\t\t\t\t<\/div>\n\t\t\t\t\t<\/div>\n\t\t\t\t<\/div>\n\t\t\t\t\t<\/div>\n\t\t\t\t<\/div>\n\t\t\t\t<\/div>\n\t\t","protected":false},"excerpt":{"rendered":"<p>L&rsquo;HISTOIRE DU BISTRO BERLAGE Plongez dans la magie du Bistro Berlage, autrefois l&rsquo;entr\u00e9e principale anim\u00e9e de la Bourse des Marchandises du complexe de la Beurs van Berlage. Un lieu o\u00f9 les commer\u00e7ants se rassemblaient, accrochaient leurs manteaux et entraient dans la Grande Salle, anim\u00e9s par le d\u00e9sir de commerce et de prosp\u00e9rit\u00e9. Con\u00e7u par le [&hellip;]<\/p>\n","protected":false},"author":15,"featured_media":7991,"parent":0,"menu_order":0,"comment_status":"closed","ping_status":"closed","template":"","meta":{"_acf_changed":false,"footnotes":""},"class_list":["post-7989","page","type-page","status-publish","has-post-thumbnail","hentry"],"acf":[],"_links":{"self":[{"href":"https:\/\/bistroberlage.com\/fr\/wp-json\/wp\/v2\/pages\/7989","targetHints":{"allow":["GET"]}}],"collection":[{"href":"https:\/\/bistroberlage.com\/fr\/wp-json\/wp\/v2\/pages"}],"about":[{"href":"https:\/\/bistroberlage.com\/fr\/wp-json\/wp\/v2\/types\/page"}],"author":[{"embeddable":true,"href":"https:\/\/bistroberlage.com\/fr\/wp-json\/wp\/v2\/users\/15"}],"replies":[{"embeddable":true,"href":"https:\/\/bistroberlage.com\/fr\/wp-json\/wp\/v2\/comments?post=7989"}],"version-history":[{"count":11,"href":"https:\/\/bistroberlage.com\/fr\/wp-json\/wp\/v2\/pages\/7989\/revisions"}],"predecessor-version":[{"id":9987,"href":"https:\/\/bistroberlage.com\/fr\/wp-json\/wp\/v2\/pages\/7989\/revisions\/9987"}],"wp:featuredmedia":[{"embeddable":true,"href":"https:\/\/bistroberlage.com\/fr\/wp-json\/wp\/v2\/media\/7991"}],"wp:attachment":[{"href":"https:\/\/bistroberlage.com\/fr\/wp-json\/wp\/v2\/media?parent=7989"}],"curies":[{"name":"wp","href":"https:\/\/api.w.org\/{rel}","templated":true}]}}