{"id":7992,"date":"2024-01-15T10:16:15","date_gmt":"2024-01-15T09:16:15","guid":{"rendered":"https:\/\/bistro-berlage.mysites.io\/tegeltableaus-van-toorop\/"},"modified":"2025-09-19T16:47:31","modified_gmt":"2025-09-19T14:47:31","slug":"tableaux-de-jan-toorop","status":"publish","type":"page","link":"https:\/\/bistroberlage.com\/fr\/tableaux-de-jan-toorop\/","title":{"rendered":"Tableaux de Jan Toorop"},"content":{"rendered":"\t\t<div data-elementor-type=\"wp-page\" data-elementor-id=\"7992\" class=\"elementor elementor-7992 elementor-7034\" data-elementor-post-type=\"page\">\n\t\t\t\t<div class=\"elementor-element elementor-element-6e42985 e-con-full e-flex e-con e-parent\" data-id=\"6e42985\" data-element_type=\"container\" data-e-type=\"container\" data-settings=\"{&quot;background_background&quot;:&quot;classic&quot;}\">\n\t\t<div class=\"elementor-element elementor-element-a866700 e-flex e-con-boxed e-con e-child\" data-id=\"a866700\" data-element_type=\"container\" data-e-type=\"container\">\n\t\t\t\t\t<div class=\"e-con-inner\">\n\t\t\t\t<div class=\"elementor-element elementor-element-baefeef elementor-widget__width-initial elementor-widget elementor-widget-heading\" data-id=\"baefeef\" data-element_type=\"widget\" data-e-type=\"widget\" data-widget_type=\"heading.default\">\n\t\t\t\t<div class=\"elementor-widget-container\">\n\t\t\t\t\t<h1 class=\"elementor-heading-title elementor-size-default\">LA MAGIE DES TABLEAUX DE CARREAUX DE TOOROP AU BISTRO BERLAGE <\/h1>\t\t\t\t<\/div>\n\t\t\t\t<\/div>\n\t\t\t\t<div class=\"elementor-element elementor-element-b5a1f94 elementor-widget__width-initial elementor-widget elementor-widget-text-editor\" data-id=\"b5a1f94\" data-element_type=\"widget\" data-e-type=\"widget\" data-widget_type=\"text-editor.default\">\n\t\t\t\t<div class=\"elementor-widget-container\">\n\t\t\t\t\t\t\t\t\t<p><span class=\"TextRun SCXW116962126 BCX8\" lang=\"FR-FR\" xml:lang=\"FR-FR\" data-contrast=\"auto\"><span class=\"NormalTextRun SCXW116962126 BCX8\">Lorsque Berlage a con\u00e7u la Beurs van Berlage, un joyau sur le <\/span><span class=\"NormalTextRun SpellingErrorV2Themed SCXW116962126 BCX8\">Damrak<\/span><span class=\"NormalTextRun SCXW116962126 BCX8\">, il a invit\u00e9 la cr\u00e8me de la cr\u00e8me des artistes de son \u00e9poque. Ces ma\u00eetres, impr\u00e9gn\u00e9s de symbolisme, ne se contentaient pas de peindre une image ; ils nous invitaient \u00e0 un voyage \u00e0 travers la forme, la ligne et la couleur. <\/span><\/span><\/p><p><span class=\"TextRun SCXW116962126 BCX8\" lang=\"FR-FR\" xml:lang=\"FR-FR\" data-contrast=\"auto\"><span class=\"NormalTextRun SCXW116962126 BCX8\">Jan Toorop, un virtuose jouant avec l&rsquo;impressionnisme, le symbolisme jusqu&rsquo;au pointillisme, a donn\u00e9 forme \u00e0 ce voyage dans ses tableaux de carreaux. Ces \u0153uvres d&rsquo;art, autrefois toile de fond pour le monde dynamique des commer\u00e7ants de la bourse, vivent aujourd&rsquo;hui dans le Bistro actuel, offrant une fen\u00eatre sur une \u00e9poque o\u00f9 le changement \u00e9tait la seule constante.<\/span><\/span><span class=\"EOP SCXW116962126 BCX8\" data-ccp-props=\"{&quot;201341983&quot;:0,&quot;335559739&quot;:160,&quot;335559740&quot;:259}\">\u00a0<\/span><\/p><p>\u00a0<\/p>\t\t\t\t\t\t\t\t<\/div>\n\t\t\t\t<\/div>\n\t\t\t\t<div class=\"elementor-element elementor-element-919b6b3 elementor-absolute elementor-hidden-tablet_extra elementor-hidden-tablet elementor-hidden-mobile elementor-widget elementor-widget-image\" data-id=\"919b6b3\" data-element_type=\"widget\" data-e-type=\"widget\" data-settings=\"{&quot;_position&quot;:&quot;absolute&quot;}\" data-widget_type=\"image.default\">\n\t\t\t\t<div class=\"elementor-widget-container\">\n\t\t\t\t\t\t\t\t\t\t\t\t\t\t\t<img fetchpriority=\"high\" decoding=\"async\" width=\"720\" height=\"900\" src=\"https:\/\/bistroberlage.com\/wp-content\/uploads\/2024\/01\/pattern-half.svg\" class=\"attachment-large size-large wp-image-6559\" alt=\"\" \/>\t\t\t\t\t\t\t\t\t\t\t\t\t\t\t<\/div>\n\t\t\t\t<\/div>\n\t\t\t\t<div class=\"elementor-element elementor-element-00646a4 elementor-absolute elementor-hidden-desktop elementor-hidden-laptop elementor-widget elementor-widget-image\" data-id=\"00646a4\" data-element_type=\"widget\" data-e-type=\"widget\" data-settings=\"{&quot;_position&quot;:&quot;absolute&quot;}\" data-widget_type=\"image.default\">\n\t\t\t\t<div class=\"elementor-widget-container\">\n\t\t\t\t\t\t\t\t\t\t\t\t\t\t\t<img decoding=\"async\" width=\"177\" height=\"222\" src=\"https:\/\/bistroberlage.com\/wp-content\/uploads\/2024\/01\/Pattern-group-mobile.svg\" class=\"attachment-large size-large wp-image-8222\" alt=\"\" \/>\t\t\t\t\t\t\t\t\t\t\t\t\t\t\t<\/div>\n\t\t\t\t<\/div>\n\t\t\t\t\t<\/div>\n\t\t\t\t<\/div>\n\t\t\t\t<\/div>\n\t\t<div class=\"elementor-element elementor-element-2975e9f e-con-full e-flex e-con e-parent\" data-id=\"2975e9f\" data-element_type=\"container\" data-e-type=\"container\">\n\t\t\t\t<div class=\"elementor-element elementor-element-f51d6fc elementor-widget elementor-widget-image\" data-id=\"f51d6fc\" data-element_type=\"widget\" data-e-type=\"widget\" data-widget_type=\"image.default\">\n\t\t\t\t<div class=\"elementor-widget-container\">\n\t\t\t\t\t\t\t\t\t\t\t\t\t\t\t<img decoding=\"async\" width=\"2048\" height=\"1365\" src=\"https:\/\/bistroberlage.com\/wp-content\/uploads\/2024\/03\/20231121_Bistro_Berlage_012_8195.jpg\" class=\"attachment-full size-full wp-image-8215\" alt=\"\" srcset=\"https:\/\/bistroberlage.com\/wp-content\/uploads\/2024\/03\/20231121_Bistro_Berlage_012_8195.jpg.webp 2048w, https:\/\/bistroberlage.com\/wp-content\/uploads\/2024\/03\/20231121_Bistro_Berlage_012_8195-300x200.jpg.webp 300w, https:\/\/bistroberlage.com\/wp-content\/uploads\/2024\/03\/20231121_Bistro_Berlage_012_8195-1024x683.jpg.webp 1024w, https:\/\/bistroberlage.com\/wp-content\/uploads\/2024\/03\/20231121_Bistro_Berlage_012_8195-768x512.jpg.webp 768w, https:\/\/bistroberlage.com\/wp-content\/uploads\/2024\/03\/20231121_Bistro_Berlage_012_8195-1536x1024.jpg.webp 1536w\" sizes=\"(max-width: 2048px) 100vw, 2048px\" \/>\t\t\t\t\t\t\t\t\t\t\t\t\t\t\t<\/div>\n\t\t\t\t<\/div>\n\t\t\t\t<\/div>\n\t\t<div class=\"elementor-element elementor-element-159bb548 e-flex e-con-boxed e-con e-parent\" data-id=\"159bb548\" data-element_type=\"container\" data-e-type=\"container\">\n\t\t\t\t\t<div class=\"e-con-inner\">\n\t\t<div class=\"elementor-element elementor-element-214c6292 e-flex e-con-boxed e-con e-child\" data-id=\"214c6292\" data-element_type=\"container\" data-e-type=\"container\">\n\t\t\t\t\t<div class=\"e-con-inner\">\n\t\t<div class=\"elementor-element elementor-element-1ad4a24b e-flex e-con-boxed e-con e-child\" data-id=\"1ad4a24b\" data-element_type=\"container\" data-e-type=\"container\">\n\t\t\t\t\t<div class=\"e-con-inner\">\n\t\t\t\t<div class=\"elementor-element elementor-element-18b236d8 elementor-widget__width-initial elementor-widget elementor-widget-heading\" data-id=\"18b236d8\" data-element_type=\"widget\" data-e-type=\"widget\" data-widget_type=\"heading.default\">\n\t\t\t\t<div class=\"elementor-widget-container\">\n\t\t\t\t\t<h2 class=\"elementor-heading-title elementor-size-default\">TABLEAU DE CARREAUX 'PASS\u00c9' <\/h2>\t\t\t\t<\/div>\n\t\t\t\t<\/div>\n\t\t\t\t<div class=\"elementor-element elementor-element-18352bad elementor-widget__width-initial elementor-widget elementor-widget-text-editor\" data-id=\"18352bad\" data-element_type=\"widget\" data-e-type=\"widget\" data-widget_type=\"text-editor.default\">\n\t\t\t\t<div class=\"elementor-widget-container\">\n\t\t\t\t\t\t\t\t\t<p><span class=\"TextRun SCXW236701646 BCX8\" lang=\"FR-FR\" xml:lang=\"FR-FR\" data-contrast=\"auto\"><span class=\"NormalTextRun SCXW236701646 BCX8\">Le premier tableau vous emm\u00e8ne dans<\/span> <span class=\"NormalTextRun SCXW236701646 BCX8\">un monde o\u00f9 le commerce des femmes \u00e9tait une r\u00e9alit\u00e9 am\u00e8re. L&rsquo;innocence et la vuln\u00e9rabilit\u00e9 de la femme, d\u00e9peintes dans le style caract\u00e9ristique de Toorop, contrastent fortement avec le monde cruel de l&rsquo;esclavage et du pouvoir en arri\u00e8re-plan. Ce tableau est un t\u00e9moin silencieux d&rsquo;une \u00e9poque o\u00f9 la justice et l&rsquo;humanit\u00e9 semblaient absentes.<\/span><\/span><span class=\"EOP SCXW236701646 BCX8\" data-ccp-props=\"{&quot;201341983&quot;:0,&quot;335559739&quot;:160,&quot;335559740&quot;:259}\">\u00a0<\/span><\/p>\t\t\t\t\t\t\t\t<\/div>\n\t\t\t\t<\/div>\n\t\t\t\t\t<\/div>\n\t\t\t\t<\/div>\n\t\t<div class=\"elementor-element elementor-element-1d89ac59 e-con-full e-flex e-con e-child\" data-id=\"1d89ac59\" data-element_type=\"container\" data-e-type=\"container\">\n\t\t\t\t<div class=\"elementor-element elementor-element-35367384 elementor-widget__width-initial elementor-widget elementor-widget-image\" data-id=\"35367384\" data-element_type=\"widget\" data-e-type=\"widget\" data-widget_type=\"image.default\">\n\t\t\t\t<div class=\"elementor-widget-container\">\n\t\t\t\t\t\t\t\t\t\t\t\t\t\t\t<img loading=\"lazy\" decoding=\"async\" width=\"400\" height=\"400\" src=\"https:\/\/bistroberlage.com\/wp-content\/uploads\/2024\/01\/jan-toorop-verleden-bistro-berlage-amsterdam.jpg\" class=\"attachment-full size-full wp-image-8212\" alt=\"\" srcset=\"https:\/\/bistroberlage.com\/wp-content\/uploads\/2024\/01\/jan-toorop-verleden-bistro-berlage-amsterdam.jpg.webp 400w, https:\/\/bistroberlage.com\/wp-content\/uploads\/2024\/01\/jan-toorop-verleden-bistro-berlage-amsterdam-300x300.jpg.webp 300w, https:\/\/bistroberlage.com\/wp-content\/uploads\/2024\/01\/jan-toorop-verleden-bistro-berlage-amsterdam-150x150.jpg.webp 150w\" sizes=\"(max-width: 400px) 100vw, 400px\" \/>\t\t\t\t\t\t\t\t\t\t\t\t\t\t\t<\/div>\n\t\t\t\t<\/div>\n\t\t\t\t<\/div>\n\t\t\t\t\t<\/div>\n\t\t\t\t<\/div>\n\t\t<div class=\"elementor-element elementor-element-21ecc6c8 e-flex e-con-boxed e-con e-child\" data-id=\"21ecc6c8\" data-element_type=\"container\" data-e-type=\"container\">\n\t\t\t\t\t<div class=\"e-con-inner\">\n\t\t<div class=\"elementor-element elementor-element-457dbe5 e-con-full e-flex e-con e-child\" data-id=\"457dbe5\" data-element_type=\"container\" data-e-type=\"container\">\n\t\t\t\t<div class=\"elementor-element elementor-element-23a0e842 elementor-widget__width-initial elementor-widget elementor-widget-image\" data-id=\"23a0e842\" data-element_type=\"widget\" data-e-type=\"widget\" data-widget_type=\"image.default\">\n\t\t\t\t<div class=\"elementor-widget-container\">\n\t\t\t\t\t\t\t\t\t\t\t\t\t\t\t<img loading=\"lazy\" decoding=\"async\" width=\"400\" height=\"400\" src=\"https:\/\/bistroberlage.com\/wp-content\/uploads\/2024\/01\/jan-toorop-heden-bistro-berlage-amsterdam.jpg\" class=\"attachment-full size-full wp-image-8213\" alt=\"\" srcset=\"https:\/\/bistroberlage.com\/wp-content\/uploads\/2024\/01\/jan-toorop-heden-bistro-berlage-amsterdam.jpg.webp 400w, https:\/\/bistroberlage.com\/wp-content\/uploads\/2024\/01\/jan-toorop-heden-bistro-berlage-amsterdam-300x300.jpg.webp 300w, https:\/\/bistroberlage.com\/wp-content\/uploads\/2024\/01\/jan-toorop-heden-bistro-berlage-amsterdam-150x150.jpg.webp 150w\" sizes=\"(max-width: 400px) 100vw, 400px\" \/>\t\t\t\t\t\t\t\t\t\t\t\t\t\t\t<\/div>\n\t\t\t\t<\/div>\n\t\t\t\t<\/div>\n\t\t<div class=\"elementor-element elementor-element-23e83bbc e-flex e-con-boxed e-con e-child\" data-id=\"23e83bbc\" data-element_type=\"container\" data-e-type=\"container\">\n\t\t\t\t\t<div class=\"e-con-inner\">\n\t\t\t\t<div class=\"elementor-element elementor-element-12ad4af0 elementor-widget__width-initial elementor-widget elementor-widget-heading\" data-id=\"12ad4af0\" data-element_type=\"widget\" data-e-type=\"widget\" data-widget_type=\"heading.default\">\n\t\t\t\t<div class=\"elementor-widget-container\">\n\t\t\t\t\t<h2 class=\"elementor-heading-title elementor-size-default\">TABLEAU DE CARREAUX 'PR\u00c9SENT' <\/h2>\t\t\t\t<\/div>\n\t\t\t\t<\/div>\n\t\t\t\t<div class=\"elementor-element elementor-element-7044faf elementor-widget__width-initial elementor-widget elementor-widget-text-editor\" data-id=\"7044faf\" data-element_type=\"widget\" data-e-type=\"widget\" data-widget_type=\"text-editor.default\">\n\t\t\t\t<div class=\"elementor-widget-container\">\n\t\t\t\t\t\t\t\t\t<p><span class=\"TextRun SCXW45828084 BCX8\" lang=\"FR-FR\" xml:lang=\"FR-FR\" data-contrast=\"auto\"><span class=\"NormalTextRun SCXW45828084 BCX8\">Au centre du Bistro se trouve le tableau qui capture le pr\u00e9sent, o\u00f9 une femme et un travailleur se tiennent c\u00f4te \u00e0 c\u00f4te, unis dans leur lutte pour la participation sociale et l&rsquo;\u00e9mancipation. Toorop y entrelace des symboles de modernit\u00e9 et de conscience politique, rappelant que les bonnes actions ne sont pas dict\u00e9es par l&rsquo;horloge. Cette pi\u00e8ce est une c\u00e9l\u00e9bration du progr\u00e8s, avec une allusion \u00e0 l&rsquo;avenir incertain qui nous lie tous.<\/span><\/span><span class=\"EOP SCXW45828084 BCX8\" data-ccp-props=\"{&quot;201341983&quot;:0,&quot;335559739&quot;:160,&quot;335559740&quot;:259}\">\u00a0<\/span><\/p>\t\t\t\t\t\t\t\t<\/div>\n\t\t\t\t<\/div>\n\t\t\t\t\t<\/div>\n\t\t\t\t<\/div>\n\t\t\t\t\t<\/div>\n\t\t\t\t<\/div>\n\t\t<div class=\"elementor-element elementor-element-6e91e4db e-flex e-con-boxed e-con e-child\" data-id=\"6e91e4db\" data-element_type=\"container\" data-e-type=\"container\">\n\t\t\t\t\t<div class=\"e-con-inner\">\n\t\t<div class=\"elementor-element elementor-element-1444d202 e-flex e-con-boxed e-con e-child\" data-id=\"1444d202\" data-element_type=\"container\" data-e-type=\"container\">\n\t\t\t\t\t<div class=\"e-con-inner\">\n\t\t\t\t<div class=\"elementor-element elementor-element-62027e2e elementor-widget__width-initial elementor-widget elementor-widget-heading\" data-id=\"62027e2e\" data-element_type=\"widget\" data-e-type=\"widget\" data-widget_type=\"heading.default\">\n\t\t\t\t<div class=\"elementor-widget-container\">\n\t\t\t\t\t<h2 class=\"elementor-heading-title elementor-size-default\">TABLEAU DE CARREAUX 'FUTUR' <\/h2>\t\t\t\t<\/div>\n\t\t\t\t<\/div>\n\t\t\t\t<div class=\"elementor-element elementor-element-5e97f00f elementor-widget__width-initial elementor-widget elementor-widget-text-editor\" data-id=\"5e97f00f\" data-element_type=\"widget\" data-e-type=\"widget\" data-widget_type=\"text-editor.default\">\n\t\t\t\t<div class=\"elementor-widget-container\">\n\t\t\t\t\t\t\t\t\t<p><span class=\"TextRun SCXW131220749 BCX8\" lang=\"FR-FR\" xml:lang=\"FR-FR\" data-contrast=\"auto\"><span class=\"NormalTextRun SCXW131220749 BCX8\">Le dernier tableau r\u00e9v\u00e8le la vision de Toorop d&rsquo;un avenir o\u00f9 les mondes spirituel et mat\u00e9riel se fondent harmonieusement. La rencontre au puits de Jacob, riche en symbolisme, parle de pardon, d&rsquo;illumination et d&rsquo;espoir. Cette image invite \u00e0 regarder au-del\u00e0 des temps difficiles et \u00e0 se r\u00e9jouir d&rsquo;un avenir plein d&rsquo;\u00e9panouissement et d&rsquo;\u00e9quilibre.<\/span><\/span><span class=\"EOP SCXW131220749 BCX8\" data-ccp-props=\"{&quot;201341983&quot;:0,&quot;335559739&quot;:160,&quot;335559740&quot;:259}\">\u00a0<\/span><\/p>\t\t\t\t\t\t\t\t<\/div>\n\t\t\t\t<\/div>\n\t\t\t\t\t<\/div>\n\t\t\t\t<\/div>\n\t\t<div class=\"elementor-element elementor-element-814c2fd e-con-full e-flex e-con e-child\" data-id=\"814c2fd\" data-element_type=\"container\" data-e-type=\"container\">\n\t\t\t\t<div class=\"elementor-element elementor-element-5b63ae11 elementor-widget__width-initial elementor-widget elementor-widget-image\" data-id=\"5b63ae11\" data-element_type=\"widget\" data-e-type=\"widget\" data-widget_type=\"image.default\">\n\t\t\t\t<div class=\"elementor-widget-container\">\n\t\t\t\t\t\t\t\t\t\t\t\t\t\t\t<img loading=\"lazy\" decoding=\"async\" width=\"400\" height=\"400\" src=\"https:\/\/bistroberlage.com\/wp-content\/uploads\/2024\/01\/jan-toorop-toekomst-bistro-berlage-amsterdam.jpg\" class=\"attachment-full size-full wp-image-8214\" alt=\"\" srcset=\"https:\/\/bistroberlage.com\/wp-content\/uploads\/2024\/01\/jan-toorop-toekomst-bistro-berlage-amsterdam.jpg.webp 400w, https:\/\/bistroberlage.com\/wp-content\/uploads\/2024\/01\/jan-toorop-toekomst-bistro-berlage-amsterdam-300x300.jpg.webp 300w, https:\/\/bistroberlage.com\/wp-content\/uploads\/2024\/01\/jan-toorop-toekomst-bistro-berlage-amsterdam-150x150.jpg.webp 150w\" sizes=\"(max-width: 400px) 100vw, 400px\" \/>\t\t\t\t\t\t\t\t\t\t\t\t\t\t\t<\/div>\n\t\t\t\t<\/div>\n\t\t\t\t<\/div>\n\t\t\t\t\t<\/div>\n\t\t\t\t<\/div>\n\t\t\t\t\t<\/div>\n\t\t\t\t<\/div>\n\t\t\t\t<\/div>\n\t\t","protected":false},"excerpt":{"rendered":"<p>LA MAGIE DES TABLEAUX DE CARREAUX DE TOOROP AU BISTRO BERLAGE Lorsque Berlage a con\u00e7u la Beurs van Berlage, un joyau sur le Damrak, il a invit\u00e9 la cr\u00e8me de la cr\u00e8me des artistes de son \u00e9poque. Ces ma\u00eetres, impr\u00e9gn\u00e9s de symbolisme, ne se contentaient pas de peindre une image ; ils nous invitaient \u00e0 [&hellip;]<\/p>\n","protected":false},"author":15,"featured_media":7994,"parent":0,"menu_order":0,"comment_status":"closed","ping_status":"closed","template":"","meta":{"_acf_changed":false,"footnotes":""},"class_list":["post-7992","page","type-page","status-publish","has-post-thumbnail","hentry"],"acf":[],"_links":{"self":[{"href":"https:\/\/bistroberlage.com\/fr\/wp-json\/wp\/v2\/pages\/7992","targetHints":{"allow":["GET"]}}],"collection":[{"href":"https:\/\/bistroberlage.com\/fr\/wp-json\/wp\/v2\/pages"}],"about":[{"href":"https:\/\/bistroberlage.com\/fr\/wp-json\/wp\/v2\/types\/page"}],"author":[{"embeddable":true,"href":"https:\/\/bistroberlage.com\/fr\/wp-json\/wp\/v2\/users\/15"}],"replies":[{"embeddable":true,"href":"https:\/\/bistroberlage.com\/fr\/wp-json\/wp\/v2\/comments?post=7992"}],"version-history":[{"count":6,"href":"https:\/\/bistroberlage.com\/fr\/wp-json\/wp\/v2\/pages\/7992\/revisions"}],"predecessor-version":[{"id":8757,"href":"https:\/\/bistroberlage.com\/fr\/wp-json\/wp\/v2\/pages\/7992\/revisions\/8757"}],"wp:featuredmedia":[{"embeddable":true,"href":"https:\/\/bistroberlage.com\/fr\/wp-json\/wp\/v2\/media\/7994"}],"wp:attachment":[{"href":"https:\/\/bistroberlage.com\/fr\/wp-json\/wp\/v2\/media?parent=7992"}],"curies":[{"name":"wp","href":"https:\/\/api.w.org\/{rel}","templated":true}]}}