{"id":7995,"date":"2024-01-12T13:55:06","date_gmt":"2024-01-12T12:55:06","guid":{"rendered":"https:\/\/bistro-berlage.mysites.io\/contact\/"},"modified":"2025-09-19T16:47:27","modified_gmt":"2025-09-19T14:47:27","slug":"contact","status":"publish","type":"page","link":"https:\/\/bistroberlage.com\/fr\/contact\/","title":{"rendered":"Contact"},"content":{"rendered":"\t\t<div data-elementor-type=\"wp-page\" data-elementor-id=\"7995\" class=\"elementor elementor-7995 elementor-6962\" data-elementor-post-type=\"page\">\n\t\t\t\t<div class=\"elementor-element elementor-element-5146e26 e-con-full e-flex e-con e-parent\" data-id=\"5146e26\" data-element_type=\"container\" data-e-type=\"container\" data-settings=\"{&quot;background_background&quot;:&quot;classic&quot;}\">\n\t\t<div class=\"elementor-element elementor-element-a3aa772 e-flex e-con-boxed e-con e-child\" data-id=\"a3aa772\" data-element_type=\"container\" data-e-type=\"container\">\n\t\t\t\t\t<div class=\"e-con-inner\">\n\t\t\t\t<div class=\"elementor-element elementor-element-a36076a elementor-widget__width-initial elementor-widget elementor-widget-heading\" data-id=\"a36076a\" data-element_type=\"widget\" data-e-type=\"widget\" data-widget_type=\"heading.default\">\n\t\t\t\t<div class=\"elementor-widget-container\">\n\t\t\t\t\t<h1 class=\"elementor-heading-title elementor-size-default\">CONTACT<\/h1>\t\t\t\t<\/div>\n\t\t\t\t<\/div>\n\t\t\t\t<div class=\"elementor-element elementor-element-368b4b3 elementor-absolute elementor-hidden-tablet_extra elementor-hidden-tablet elementor-hidden-mobile elementor-widget elementor-widget-image\" data-id=\"368b4b3\" data-element_type=\"widget\" data-e-type=\"widget\" data-settings=\"{&quot;_position&quot;:&quot;absolute&quot;}\" data-widget_type=\"image.default\">\n\t\t\t\t<div class=\"elementor-widget-container\">\n\t\t\t\t\t\t\t\t\t\t\t\t\t\t\t<img fetchpriority=\"high\" decoding=\"async\" width=\"720\" height=\"900\" src=\"https:\/\/bistroberlage.com\/wp-content\/uploads\/2024\/01\/pattern-half.svg\" class=\"attachment-large size-large wp-image-6559\" alt=\"\" \/>\t\t\t\t\t\t\t\t\t\t\t\t\t\t\t<\/div>\n\t\t\t\t<\/div>\n\t\t\t\t\t<\/div>\n\t\t\t\t<\/div>\n\t\t\t\t<\/div>\n\t\t<div class=\"elementor-element elementor-element-b6b339b e-flex e-con-boxed e-con e-parent\" data-id=\"b6b339b\" data-element_type=\"container\" data-e-type=\"container\" data-settings=\"{&quot;background_background&quot;:&quot;classic&quot;}\">\n\t\t\t\t\t<div class=\"e-con-inner\">\n\t\t<div class=\"elementor-element elementor-element-1298ef0 e-flex e-con-boxed e-con e-child\" data-id=\"1298ef0\" data-element_type=\"container\" data-e-type=\"container\" data-settings=\"{&quot;background_background&quot;:&quot;classic&quot;}\">\n\t\t\t\t\t<div class=\"e-con-inner\">\n\t\t\t\t<div class=\"elementor-element elementor-element-3b920f3 elementor-widget elementor-widget-heading\" data-id=\"3b920f3\" data-element_type=\"widget\" data-e-type=\"widget\" data-widget_type=\"heading.default\">\n\t\t\t\t<div class=\"elementor-widget-container\">\n\t\t\t\t\t<h2 class=\"elementor-heading-title elementor-size-default\">COORDONN\u00c9ES<\/h2>\t\t\t\t<\/div>\n\t\t\t\t<\/div>\n\t\t\t\t<div class=\"elementor-element elementor-element-40f7d41 elementor-widget elementor-widget-text-editor\" data-id=\"40f7d41\" data-element_type=\"widget\" data-e-type=\"widget\" data-widget_type=\"text-editor.default\">\n\t\t\t\t<div class=\"elementor-widget-container\">\n\t\t\t\t\t\t\t\t\t<p>Bistro Berlage<br \/>Beursplein 1<br \/>1012 JW Amsterdam<\/p>\t\t\t\t\t\t\t\t<\/div>\n\t\t\t\t<\/div>\n\t\t\t\t<div class=\"elementor-element elementor-element-9c00f27 elementor-widget elementor-widget-heading\" data-id=\"9c00f27\" data-element_type=\"widget\" data-e-type=\"widget\" data-widget_type=\"heading.default\">\n\t\t\t\t<div class=\"elementor-widget-container\">\n\t\t\t\t\t<h2 class=\"elementor-heading-title elementor-size-default\">HEURES D\u2019OUVERTURE\n<\/h2>\t\t\t\t<\/div>\n\t\t\t\t<\/div>\n\t\t\t\t<div class=\"elementor-element elementor-element-1eba006 elementor-widget elementor-widget-text-editor\" data-id=\"1eba006\" data-element_type=\"widget\" data-e-type=\"widget\" data-widget_type=\"text-editor.default\">\n\t\t\t\t<div class=\"elementor-widget-container\">\n\t\t\t\t\t\t\t\t\t<p>Lundi au dimanche de 11h \u00e0 22h.<\/p>\t\t\t\t\t\t\t\t<\/div>\n\t\t\t\t<\/div>\n\t\t\t\t\t<\/div>\n\t\t\t\t<\/div>\n\t\t<div class=\"elementor-element elementor-element-b859596 e-flex e-con-boxed e-con e-child\" data-id=\"b859596\" data-element_type=\"container\" data-e-type=\"container\" data-settings=\"{&quot;background_background&quot;:&quot;classic&quot;}\">\n\t\t\t\t\t<div class=\"e-con-inner\">\n\t\t\t\t<div class=\"elementor-element elementor-element-fdc90ca elementor-widget elementor-widget-heading\" data-id=\"fdc90ca\" data-element_type=\"widget\" data-e-type=\"widget\" data-widget_type=\"heading.default\">\n\t\t\t\t<div class=\"elementor-widget-container\">\n\t\t\t\t\t<h2 class=\"elementor-heading-title elementor-size-default\">T\u00c9L\u00c9PHONE ET E-MAIL\n<\/h2>\t\t\t\t<\/div>\n\t\t\t\t<\/div>\n\t\t\t\t<div class=\"elementor-element elementor-element-e822c55 elementor-widget elementor-widget-text-editor\" data-id=\"e822c55\" data-element_type=\"widget\" data-e-type=\"widget\" data-widget_type=\"text-editor.default\">\n\t\t\t\t<div class=\"elementor-widget-container\">\n\t\t\t\t\t\t\t\t\t<p><a href=\"tel:+31 (0)20 530 4146\">+31 (0)20 530 4146<\/a><br \/><a href=\"mailto:info@bistroberlage.com\">info@bistroberlage.com<\/a><\/p>\t\t\t\t\t\t\t\t<\/div>\n\t\t\t\t<\/div>\n\t\t\t\t<div class=\"elementor-element elementor-element-e7f472e elementor-widget elementor-widget-heading\" data-id=\"e7f472e\" data-element_type=\"widget\" data-e-type=\"widget\" data-widget_type=\"heading.default\">\n\t\t\t\t<div class=\"elementor-widget-container\">\n\t\t\t\t\t<h2 class=\"elementor-heading-title elementor-size-default\">R\u00c9SERVER<\/h2>\t\t\t\t<\/div>\n\t\t\t\t<\/div>\n\t\t\t\t<div class=\"elementor-element elementor-element-44dd356 elementor-widget elementor-widget-text-editor\" data-id=\"44dd356\" data-element_type=\"widget\" data-e-type=\"widget\" data-widget_type=\"text-editor.default\">\n\t\t\t\t<div class=\"elementor-widget-container\">\n\t\t\t\t\t\t\t\t\t<p>Les r\u00e9servations peuvent \u00eatre effectu\u00e9es\u00a0<span style=\"text-align: var(--text-align); background-color: var( --e-global-color-2a6d284 ); color: var( --e-global-color-secondary );\">via<\/span><span style=\"text-align: var(--text-align); background-color: var( --e-global-color-2a6d284 ); color: var( --e-global-color-secondary );\">\u00a0<\/span><a style=\"text-align: var(--text-align); font-family: 'Corinthian Std', sans-serif; font-size: 16px; background-color: #ffffff; text-decoration: var( --e-global-typography-2a535ec-text-decoration ); font-weight: var( --e-global-typography-2a535ec-font-weight ); line-height: var( --e-global-typography-2a535ec-line-height ); letter-spacing: normal; word-spacing: 0px;\" href=\"https:\/\/bistroberlage.com\/fr\/reserver\/\">ce lien<\/a>,<span style=\"text-align: var(--text-align); background-color: var( --e-global-color-2a6d284 ); color: var( --e-global-color-secondary );\">\u00a0<\/span><span style=\"text-align: var(--text-align); color: var( --e-global-color-secondary ); background-color: var( --e-global-color-2a6d284 );\">par t\u00e9l\u00e9phone via le num\u00e9ro de t\u00e9l\u00e9phone ci-dessus, ou par\u00a0<\/span><a style=\"text-align: var(--text-align); font-family: 'Corinthian Std', sans-serif; font-size: 16px;\" href=\"mailto:info@bistroberlage.com\">e-mail<\/a><span style=\"text-align: var(--text-align); color: var( --e-global-color-secondary ); background-color: var( --e-global-color-2a6d284 );\">.<\/span><\/p>\t\t\t\t\t\t\t\t<\/div>\n\t\t\t\t<\/div>\n\t\t\t\t\t<\/div>\n\t\t\t\t<\/div>\n\t\t<div class=\"elementor-element elementor-element-537fdce e-flex e-con-boxed e-con e-child\" data-id=\"537fdce\" data-element_type=\"container\" data-e-type=\"container\" data-settings=\"{&quot;background_background&quot;:&quot;classic&quot;}\">\n\t\t\t\t\t<div class=\"e-con-inner\">\n\t\t\t\t<div class=\"elementor-element elementor-element-f777e6d elementor-widget elementor-widget-heading\" data-id=\"f777e6d\" data-element_type=\"widget\" data-e-type=\"widget\" data-widget_type=\"heading.default\">\n\t\t\t\t<div class=\"elementor-widget-container\">\n\t\t\t\t\t<h2 class=\"elementor-heading-title elementor-size-default\">ACCESSIBILIT\u00c9<\/h2>\t\t\t\t<\/div>\n\t\t\t\t<\/div>\n\t\t\t\t<div class=\"elementor-element elementor-element-27b82b0 elementor-widget elementor-widget-text-editor\" data-id=\"27b82b0\" data-element_type=\"widget\" data-e-type=\"widget\" data-widget_type=\"text-editor.default\">\n\t\t\t\t<div class=\"elementor-widget-container\">\n\t\t\t\t\t\t\t\t\t<p><span class=\"TextRun SCXW174018433 BCX8\" lang=\"FR-FR\" xml:lang=\"FR-FR\" data-contrast=\"auto\"><span class=\"NormalTextRun SCXW174018433 BCX8\">Au c\u0153ur vibrant d&rsquo;Amsterdam, o\u00f9 l&rsquo;histoire \u00e9mane des pav\u00e9s, se trouve le Bistro Berlage. Pour vous \u00e9pargner une chasse au tr\u00e9sor \u00e0 travers la ville (et \u00e9viter les embouteillages !), nous recommandons de prendre les transports en commun ou de venir \u00e0 v\u00e9lo. Si vous choisissez de venir en voiture, garez-vous intelligemment en p\u00e9riph\u00e9rie de la ville sur un site <a href=\"https:\/\/www.amsterdam.nl\/parkeren\/parkeren-reizen\/\" target=\"_blank\" rel=\"noopener\">P+R<\/a>. De l\u00e0, vous n&rsquo;\u00eates qu&rsquo;\u00e0 un court trajet en m\u00e9tro, tram ou bus de chez nous &#8211; une petite aventure en soi ! <\/span><\/span><\/p><p><span class=\"TextRun SCXW174018433 BCX8\" lang=\"FR-FR\" xml:lang=\"FR-FR\" data-contrast=\"auto\"><span class=\"NormalTextRun SCXW174018433 BCX8\">Planifiez votre itin\u00e9raire via <a href=\"https:\/\/www.google.com\/maps\/place\/Bistro+Berlage\/@52.3746061,4.8929547,17z\/data=!3m2!4b1!5s0x47c609b87922c6db:0xf3a9f258585626b!4m6!3m5!1s0x47c609b879162af5:0xf99bd93006c9b160!8m2!3d52.3746061!4d4.8955296!16s%2Fg%2F11gd4hlw7x?entry=ttu\" target=\"_blank\" rel=\"noopener\">Google <\/a><\/span><a href=\"_wp_link_placeholder\"><span class=\"NormalTextRun SpellingErrorV2Themed SCXW174018433 BCX8\">Maps<\/span><\/a><span class=\"NormalTextRun SCXW174018433 BCX8\"> et avant que vous ne le sachiez, vous serez \u00e0 notre porte, pr\u00eat pour un accueil chaleureux et une exp\u00e9rience inoubliable dans le vieux c\u0153ur d&rsquo;Amsterdam.<\/span><\/span><span class=\"EOP SCXW174018433 BCX8\" data-ccp-props=\"{&quot;201341983&quot;:0,&quot;335559739&quot;:160,&quot;335559740&quot;:259}\">\u00a0<\/span><\/p>\t\t\t\t\t\t\t\t<\/div>\n\t\t\t\t<\/div>\n\t\t\t\t<div class=\"elementor-element elementor-element-ef2773e elementor-hidden-desktop elementor-hidden-laptop e-transform elementor-widget elementor-widget-image\" data-id=\"ef2773e\" data-element_type=\"widget\" data-e-type=\"widget\" data-settings=\"{&quot;_transform_translateX_effect_mobile&quot;:{&quot;unit&quot;:&quot;px&quot;,&quot;size&quot;:-20,&quot;sizes&quot;:[]},&quot;_transform_translateX_effect&quot;:{&quot;unit&quot;:&quot;px&quot;,&quot;size&quot;:&quot;&quot;,&quot;sizes&quot;:[]},&quot;_transform_translateX_effect_laptop&quot;:{&quot;unit&quot;:&quot;px&quot;,&quot;size&quot;:&quot;&quot;,&quot;sizes&quot;:[]},&quot;_transform_translateX_effect_tablet_extra&quot;:{&quot;unit&quot;:&quot;px&quot;,&quot;size&quot;:&quot;&quot;,&quot;sizes&quot;:[]},&quot;_transform_translateX_effect_tablet&quot;:{&quot;unit&quot;:&quot;px&quot;,&quot;size&quot;:&quot;&quot;,&quot;sizes&quot;:[]},&quot;_transform_translateY_effect&quot;:{&quot;unit&quot;:&quot;px&quot;,&quot;size&quot;:&quot;&quot;,&quot;sizes&quot;:[]},&quot;_transform_translateY_effect_laptop&quot;:{&quot;unit&quot;:&quot;px&quot;,&quot;size&quot;:&quot;&quot;,&quot;sizes&quot;:[]},&quot;_transform_translateY_effect_tablet_extra&quot;:{&quot;unit&quot;:&quot;px&quot;,&quot;size&quot;:&quot;&quot;,&quot;sizes&quot;:[]},&quot;_transform_translateY_effect_tablet&quot;:{&quot;unit&quot;:&quot;px&quot;,&quot;size&quot;:&quot;&quot;,&quot;sizes&quot;:[]},&quot;_transform_translateY_effect_mobile&quot;:{&quot;unit&quot;:&quot;px&quot;,&quot;size&quot;:&quot;&quot;,&quot;sizes&quot;:[]}}\" data-widget_type=\"image.default\">\n\t\t\t\t<div class=\"elementor-widget-container\">\n\t\t\t\t\t\t\t\t\t\t\t\t\t\t\t<img decoding=\"async\" width=\"360\" height=\"450\" src=\"https:\/\/bistroberlage.com\/wp-content\/uploads\/2024\/01\/Pattern3.svg\" class=\"attachment-large size-large wp-image-6520\" alt=\"\" \/>\t\t\t\t\t\t\t\t\t\t\t\t\t\t\t<\/div>\n\t\t\t\t<\/div>\n\t\t\t\t\t<\/div>\n\t\t\t\t<\/div>\n\t\t\t\t\t<\/div>\n\t\t\t\t<\/div>\n\t\t\t\t<\/div>\n\t\t","protected":false},"excerpt":{"rendered":"<p>CONTACT COORDONN\u00c9ES Bistro BerlageBeursplein 11012 JW Amsterdam HEURES D\u2019OUVERTURE Lundi au dimanche de 11h \u00e0 22h. T\u00c9L\u00c9PHONE ET E-MAIL +31 (0)20 530 4146info@bistroberlage.com R\u00c9SERVER Les r\u00e9servations peuvent \u00eatre effectu\u00e9es\u00a0via\u00a0ce lien,\u00a0par t\u00e9l\u00e9phone via le num\u00e9ro de t\u00e9l\u00e9phone ci-dessus, ou par\u00a0e-mail. ACCESSIBILIT\u00c9 Au c\u0153ur vibrant d&rsquo;Amsterdam, o\u00f9 l&rsquo;histoire \u00e9mane des pav\u00e9s, se trouve le Bistro Berlage. Pour [&hellip;]<\/p>\n","protected":false},"author":15,"featured_media":7996,"parent":0,"menu_order":0,"comment_status":"closed","ping_status":"closed","template":"","meta":{"_acf_changed":false,"footnotes":""},"class_list":["post-7995","page","type-page","status-publish","has-post-thumbnail","hentry"],"acf":[],"_links":{"self":[{"href":"https:\/\/bistroberlage.com\/fr\/wp-json\/wp\/v2\/pages\/7995","targetHints":{"allow":["GET"]}}],"collection":[{"href":"https:\/\/bistroberlage.com\/fr\/wp-json\/wp\/v2\/pages"}],"about":[{"href":"https:\/\/bistroberlage.com\/fr\/wp-json\/wp\/v2\/types\/page"}],"author":[{"embeddable":true,"href":"https:\/\/bistroberlage.com\/fr\/wp-json\/wp\/v2\/users\/15"}],"replies":[{"embeddable":true,"href":"https:\/\/bistroberlage.com\/fr\/wp-json\/wp\/v2\/comments?post=7995"}],"version-history":[{"count":10,"href":"https:\/\/bistroberlage.com\/fr\/wp-json\/wp\/v2\/pages\/7995\/revisions"}],"predecessor-version":[{"id":9777,"href":"https:\/\/bistroberlage.com\/fr\/wp-json\/wp\/v2\/pages\/7995\/revisions\/9777"}],"wp:featuredmedia":[{"embeddable":true,"href":"https:\/\/bistroberlage.com\/fr\/wp-json\/wp\/v2\/media\/7996"}],"wp:attachment":[{"href":"https:\/\/bistroberlage.com\/fr\/wp-json\/wp\/v2\/media?parent=7995"}],"curies":[{"name":"wp","href":"https:\/\/api.w.org\/{rel}","templated":true}]}}