{"id":7999,"date":"2024-01-11T14:53:30","date_gmt":"2024-01-11T13:53:30","guid":{"rendered":"https:\/\/bistro-berlage.mysites.io\/reserveren\/"},"modified":"2025-09-19T16:47:31","modified_gmt":"2025-09-19T14:47:31","slug":"reserver","status":"publish","type":"page","link":"https:\/\/bistroberlage.com\/fr\/reserver\/","title":{"rendered":"R\u00e9server"},"content":{"rendered":"\t\t<div data-elementor-type=\"wp-page\" data-elementor-id=\"7999\" class=\"elementor elementor-7999 elementor-6859\" data-elementor-post-type=\"page\">\n\t\t\t\t<div class=\"elementor-element elementor-element-e5432bf e-flex e-con-boxed e-con e-parent\" data-id=\"e5432bf\" data-element_type=\"container\" data-e-type=\"container\" data-settings=\"{&quot;background_background&quot;:&quot;classic&quot;}\">\n\t\t\t\t\t<div class=\"e-con-inner\">\n\t\t<div class=\"elementor-element elementor-element-ced9208 e-flex e-con-boxed e-con e-child\" data-id=\"ced9208\" data-element_type=\"container\" data-e-type=\"container\" data-settings=\"{&quot;background_background&quot;:&quot;classic&quot;}\">\n\t\t\t\t\t<div class=\"e-con-inner\">\n\t\t\t\t<div class=\"elementor-element elementor-element-9ed337a elementor-widget__width-initial elementor-widget elementor-widget-heading\" data-id=\"9ed337a\" data-element_type=\"widget\" data-e-type=\"widget\" data-widget_type=\"heading.default\">\n\t\t\t\t<div class=\"elementor-widget-container\">\n\t\t\t\t\t<h1 class=\"elementor-heading-title elementor-size-default\">TRANSFORMEZ VOTRE MOMENT EN UNE EXP\u00c9RIENCE INOUBLIABLE CHEZ BISTRO BERLAGE <\/h1>\t\t\t\t<\/div>\n\t\t\t\t<\/div>\n\t\t\t\t<div class=\"elementor-element elementor-element-920ce32 elementor-widget__width-initial elementor-widget elementor-widget-text-editor\" data-id=\"920ce32\" data-element_type=\"widget\" data-e-type=\"widget\" data-widget_type=\"text-editor.default\">\n\t\t\t\t<div class=\"elementor-widget-container\">\n\t\t\t\t\t\t\t\t\t<p><span class=\"NormalTextRun SpellingErrorV2Themed SCXW99456936 BCX8\">R\u00eavez-vous<\/span> <span class=\"NormalTextRun SpellingErrorV2Themed SCXW99456936 BCX8\">d&rsquo;une<\/span><span class=\"NormalTextRun SCXW99456936 BCX8\"> table au <\/span><span class=\"NormalTextRun SpellingErrorV2Themed SCXW99456936 BCX8\">c\u0153ur<\/span><span class=\"NormalTextRun SCXW99456936 BCX8\"> vibrant <\/span><span class=\"NormalTextRun SpellingErrorV2Themed SCXW99456936 BCX8\">d&rsquo;Amsterdam<\/span><span class=\"NormalTextRun SCXW99456936 BCX8\">, <\/span><span class=\"NormalTextRun SpellingErrorV2Themed SCXW99456936 BCX8\">o\u00f9<\/span> <span class=\"NormalTextRun SpellingErrorV2Themed SCXW99456936 BCX8\">l&rsquo;histoire<\/span><span class=\"NormalTextRun SCXW99456936 BCX8\"> et la finesse <\/span><span class=\"NormalTextRun SpellingErrorV2Themed SCXW99456936 BCX8\">culinaire<\/span><span class=\"NormalTextRun SCXW99456936 BCX8\"> se <\/span><span class=\"NormalTextRun SpellingErrorV2Themed SCXW99456936 BCX8\">donnent<\/span><span class=\"NormalTextRun SCXW99456936 BCX8\"> la main? Chez Bistro Berlage, <\/span><span class=\"NormalTextRun SpellingErrorV2Themed SCXW99456936 BCX8\">chaque<\/span> <span class=\"NormalTextRun SpellingErrorV2Themed SCXW99456936 BCX8\">repas<\/span> <span class=\"NormalTextRun SpellingErrorV2Themed SCXW99456936 BCX8\">est<\/span><span class=\"NormalTextRun SCXW99456936 BCX8\"> un voyage \u00e0 travers les <\/span><span class=\"NormalTextRun SpellingErrorV2Themed SCXW99456936 BCX8\">saveurs<\/span><span class=\"NormalTextRun SCXW99456936 BCX8\"> riches que <\/span><span class=\"NormalTextRun SpellingErrorV2Themed SCXW99456936 BCX8\">notre<\/span> <span class=\"NormalTextRun SpellingErrorV2Themed SCXW99456936 BCX8\">ville<\/span><span class=\"NormalTextRun SCXW99456936 BCX8\"> a \u00e0 <\/span><span class=\"NormalTextRun SpellingErrorV2Themed SCXW99456936 BCX8\">offrir<\/span><span class=\"NormalTextRun SCXW99456936 BCX8\">. <\/span><span class=\"NormalTextRun SpellingErrorV2Themed SCXW99456936 BCX8\">R\u00e9servez<\/span> <span class=\"NormalTextRun SpellingErrorV2Themed SCXW99456936 BCX8\">votre<\/span><span class=\"NormalTextRun SCXW99456936 BCX8\"> place <\/span><span class=\"NormalTextRun SpellingErrorV2Themed SCXW99456936 BCX8\">d\u00e8s<\/span> <span class=\"NormalTextRun SpellingErrorV2Themed SCXW99456936 BCX8\">maintenant<\/span><span class=\"NormalTextRun SCXW99456936 BCX8\"> via <\/span><span class=\"NormalTextRun SpellingErrorV2Themed SCXW99456936 BCX8\">notre<\/span> <span class=\"NormalTextRun SpellingErrorV2Themed SCXW99456936 BCX8\">formulaire<\/span><span class=\"NormalTextRun SCXW99456936 BCX8\"> facile \u00e0 utiliser ci-dessous, <\/span><span class=\"NormalTextRun SpellingErrorV2Themed SCXW99456936 BCX8\">ou<\/span> <span class=\"NormalTextRun SpellingErrorV2Themed SCXW99456936 BCX8\">ressentez<\/span><span class=\"NormalTextRun SCXW99456936 BCX8\"> la <\/span><span class=\"NormalTextRun SpellingErrorV2Themed SCXW99456936 BCX8\">touche<\/span> <span class=\"NormalTextRun SpellingErrorV2Themed SCXW99456936 BCX8\">personnelle<\/span> <span class=\"NormalTextRun SpellingErrorV2Themed SCXW99456936 BCX8\">en<\/span><span class=\"NormalTextRun SCXW99456936 BCX8\"> nous <\/span><span class=\"NormalTextRun SpellingErrorV2Themed SCXW99456936 BCX8\">donnant<\/span><span class=\"NormalTextRun SCXW99456936 BCX8\"> un coup de fil au 020 \u2013 530 41 46. Nous <\/span><span class=\"NormalTextRun SpellingErrorV2Themed SCXW99456936 BCX8\">sommes<\/span> <span class=\"NormalTextRun SpellingErrorV2Themed SCXW99456936 BCX8\">pr\u00eats<\/span><span class=\"NormalTextRun SCXW99456936 BCX8\"> \u00e0 <\/span><span class=\"NormalTextRun SpellingErrorV2Themed SCXW99456936 BCX8\">vous<\/span> <span class=\"NormalTextRun SpellingErrorV2Themed SCXW99456936 BCX8\">accueillir<\/span><span class=\"NormalTextRun SCXW99456936 BCX8\"> \u00e0 bras <\/span><span class=\"NormalTextRun SpellingErrorV2Themed SCXW99456936 BCX8\">ouverts<\/span><span class=\"NormalTextRun SCXW99456936 BCX8\">!<\/span><\/p>\t\t\t\t\t\t\t\t<\/div>\n\t\t\t\t<\/div>\n\t\t\t\t<div class=\"elementor-element elementor-element-39ba8a4 elementor-widget__width-initial elementor-widget elementor-widget-heading\" data-id=\"39ba8a4\" data-element_type=\"widget\" data-e-type=\"widget\" data-widget_type=\"heading.default\">\n\t\t\t\t<div class=\"elementor-widget-container\">\n\t\t\t\t\t<h2 class=\"elementor-heading-title elementor-size-default\">QUELQUE CHOSE \u00c0 C\u00c9L\u00c9BRER EN GROUPE? <\/h2>\t\t\t\t<\/div>\n\t\t\t\t<\/div>\n\t\t\t\t<div class=\"elementor-element elementor-element-0da9534 elementor-widget__width-initial elementor-widget elementor-widget-text-editor\" data-id=\"0da9534\" data-element_type=\"widget\" data-e-type=\"widget\" data-widget_type=\"text-editor.default\">\n\t\t\t\t<div class=\"elementor-widget-container\">\n\t\t\t\t\t\t\t\t\t<p><span class=\"TextRun SCXW78309444 BCX8\" lang=\"EN-GB\" xml:lang=\"EN-GB\" data-contrast=\"none\"><span class=\"NormalTextRun SCXW78309444 BCX8\">Vous <\/span><span class=\"NormalTextRun SpellingErrorV2Themed SCXW78309444 BCX8\">avez<\/span><span class=\"NormalTextRun SCXW78309444 BCX8\"> quelque chose \u00e0 <\/span><span class=\"NormalTextRun SpellingErrorV2Themed SCXW78309444 BCX8\">c\u00e9l\u00e9brer<\/span><span class=\"NormalTextRun SCXW78309444 BCX8\"> avec plus de 10 <\/span><span class=\"NormalTextRun SpellingErrorV2Themed SCXW78309444 BCX8\">personnes<\/span><span class=\"NormalTextRun SCXW78309444 BCX8\">? Que <\/span><span class=\"NormalTextRun SpellingErrorV2Themed SCXW78309444 BCX8\">ce<\/span> <span class=\"NormalTextRun SpellingErrorV2Themed SCXW78309444 BCX8\">soit<\/span><span class=\"NormalTextRun SCXW78309444 BCX8\"> pour un <\/span><span class=\"NormalTextRun SpellingErrorV2Themed SCXW78309444 BCX8\">anniversaire<\/span><span class=\"NormalTextRun SCXW78309444 BCX8\">, un <\/span><span class=\"NormalTextRun SpellingErrorV2Themed SCXW78309444 BCX8\">rassemblement<\/span><span class=\"NormalTextRun SCXW78309444 BCX8\"> familial <\/span><span class=\"NormalTextRun SpellingErrorV2Themed SCXW78309444 BCX8\">ou<\/span> <span class=\"NormalTextRun SpellingErrorV2Themed SCXW78309444 BCX8\">simplement<\/span> <span class=\"NormalTextRun SpellingErrorV2Themed SCXW78309444 BCX8\">une<\/span><span class=\"NormalTextRun SCXW78309444 BCX8\"> raison d&rsquo;\u00eatre ensemble, Bistro Berlage <\/span><span class=\"NormalTextRun SpellingErrorV2Themed SCXW78309444 BCX8\">offre<\/span> <span class=\"NormalTextRun SpellingErrorV2Themed SCXW78309444 BCX8\">l&rsquo;ambiance<\/span> <span class=\"NormalTextRun SpellingErrorV2Themed SCXW78309444 BCX8\">parfaite<\/span><span class=\"NormalTextRun SCXW78309444 BCX8\">. Pour les <\/span><span class=\"NormalTextRun SpellingErrorV2Themed SCXW78309444 BCX8\">r\u00e9servations<\/span><span class=\"NormalTextRun SCXW78309444 BCX8\"> de <\/span><span class=\"NormalTextRun SpellingErrorV2Themed SCXW78309444 BCX8\">groupe<\/span><span class=\"NormalTextRun SCXW78309444 BCX8\"> de plus de 10 <\/span><span class=\"NormalTextRun SpellingErrorV2Themed SCXW78309444 BCX8\">personnes<\/span><span class=\"NormalTextRun SCXW78309444 BCX8\">, nous <\/span><span class=\"NormalTextRun SpellingErrorV2Themed SCXW78309444 BCX8\">vous<\/span> <span class=\"NormalTextRun SpellingErrorV2Themed SCXW78309444 BCX8\">invitons<\/span><span class=\"NormalTextRun SCXW78309444 BCX8\"> \u00e0 nous <\/span><span class=\"NormalTextRun SpellingErrorV2Themed SCXW78309444 BCX8\">contacter<\/span><span class=\"NormalTextRun SCXW78309444 BCX8\">. <\/span><span class=\"NormalTextRun SpellingErrorV2Themed SCXW78309444 BCX8\">Appelez<\/span><span class=\"NormalTextRun SCXW78309444 BCX8\">-nous au 020 \u2013 530 41 46 <\/span><span class=\"NormalTextRun SpellingErrorV2Themed SCXW78309444 BCX8\">ou<\/span> <span class=\"NormalTextRun SpellingErrorV2Themed SCXW78309444 BCX8\">remplissez<\/span> <span class=\"NormalTextRun SpellingErrorV2Themed SCXW78309444 BCX8\">notre<\/span> <span class=\"NormalTextRun SpellingErrorV2Themed SCXW78309444 BCX8\">formulaire<\/span><span class=\"NormalTextRun SCXW78309444 BCX8\"> via le lien ci-dessous <\/span><span class=\"NormalTextRun SpellingErrorV2Themed SCXW78309444 BCX8\">afin<\/span><span class=\"NormalTextRun SCXW78309444 BCX8\"> que nous <\/span><span class=\"NormalTextRun SpellingErrorV2Themed SCXW78309444 BCX8\">puissions<\/span> <span class=\"NormalTextRun SpellingErrorV2Themed SCXW78309444 BCX8\">collaborer<\/span><span class=\"NormalTextRun SCXW78309444 BCX8\"> pour <\/span><span class=\"NormalTextRun SpellingErrorV2Themed SCXW78309444 BCX8\">rendre<\/span> <span class=\"NormalTextRun SpellingErrorV2Themed SCXW78309444 BCX8\">votre<\/span> <span class=\"NormalTextRun SpellingErrorV2Themed SCXW78309444 BCX8\">rassemblement<\/span> <span class=\"NormalTextRun SpellingErrorV2Themed SCXW78309444 BCX8\">inoubliable<\/span><span class=\"NormalTextRun SCXW78309444 BCX8\"> avec <\/span><span class=\"NormalTextRun SpellingErrorV2Themed SCXW78309444 BCX8\">nos<\/span><span class=\"NormalTextRun SCXW78309444 BCX8\"> arrangements <\/span><span class=\"NormalTextRun SpellingErrorV2Themed SCXW78309444 BCX8\">sp\u00e9ciaux<\/span><span class=\"NormalTextRun SCXW78309444 BCX8\">.<\/span><\/span><span class=\"EOP SCXW78309444 BCX8\" data-ccp-props=\"{&quot;201341983&quot;:0,&quot;335559739&quot;:160,&quot;335559740&quot;:259}\">&nbsp;<\/span><\/p>\t\t\t\t\t\t\t\t<\/div>\n\t\t\t\t<\/div>\n\t\t\t\t<div class=\"elementor-element elementor-element-7b66dd8 elementor-widget elementor-widget-button\" data-id=\"7b66dd8\" data-element_type=\"widget\" data-e-type=\"widget\" data-widget_type=\"button.default\">\n\t\t\t\t<div class=\"elementor-widget-container\">\n\t\t\t\t\t\t\t\t\t<div class=\"elementor-button-wrapper\">\n\t\t\t\t\t<a class=\"elementor-button elementor-button-link elementor-size-sm\" href=\"https:\/\/bistroberlage.com\/fr\/groupe\/\">\n\t\t\t\t\t\t<span class=\"elementor-button-content-wrapper\">\n\t\t\t\t\t\t\t\t\t<span class=\"elementor-button-text\">R\u00e9server<\/span>\n\t\t\t\t\t<\/span>\n\t\t\t\t\t<\/a>\n\t\t\t\t<\/div>\n\t\t\t\t\t\t\t\t<\/div>\n\t\t\t\t<\/div>\n\t\t\t\t\t<\/div>\n\t\t\t\t<\/div>\n\t\t<div class=\"elementor-element elementor-element-f25a732 e-flex e-con-boxed e-con e-child\" data-id=\"f25a732\" data-element_type=\"container\" data-e-type=\"container\">\n\t\t\t\t\t<div class=\"e-con-inner\">\n\t\t\t\t<div class=\"elementor-element elementor-element-524e307 elementor-hidden-mobile elementor-widget elementor-widget-html\" data-id=\"524e307\" data-element_type=\"widget\" data-e-type=\"widget\" data-widget_type=\"html.default\">\n\t\t\t\t<div class=\"elementor-widget-container\">\n\t\t\t\t\t<!-- Zenchef Widget SDK -->\n<script>\n  (function (d, s, id) {\n    const el = d.getElementsByTagName(s)[0];\n    if (d.getElementById(id) || !el || !el.parentNode) {\n      return;\n    }\n    var js = d.createElement(s);\n    js.id = id;\n    js.async = true;\n    js.src = 'https:\/\/sdk.zenchef.com\/v1\/sdk.min.js';\n    el.parentNode.insertBefore(js, el);\n  })(document, 'script', 'zenchef-sdk');\n<\/script>\n\n<div \n  class=\"zc-widget-config\"\n  data-restaurant=\"376841\"\n  data-open=\"2000\">\n<\/div>\t\t\t\t<\/div>\n\t\t\t\t<\/div>\n\t\t\t\t\t<\/div>\n\t\t\t\t<\/div>\n\t\t\t\t\t<\/div>\n\t\t\t\t<\/div>\n\t\t<div class=\"elementor-element elementor-element-1ff01ed e-con-full e-flex e-con e-parent\" data-id=\"1ff01ed\" data-element_type=\"container\" data-e-type=\"container\">\n\t\t\t\t<div class=\"elementor-element elementor-element-3dc0e6e elementor-widget elementor-widget-image\" data-id=\"3dc0e6e\" data-element_type=\"widget\" data-e-type=\"widget\" data-widget_type=\"image.default\">\n\t\t\t\t<div class=\"elementor-widget-container\">\n\t\t\t\t\t\t\t\t\t\t\t\t\t\t\t<img fetchpriority=\"high\" decoding=\"async\" width=\"1440\" height=\"500\" src=\"https:\/\/bistroberlage.com\/wp-content\/uploads\/2024\/02\/Ontwerp-zonder-titel-2024-02-21T152647.381.png\" class=\"attachment-full size-full wp-image-8331\" alt=\"\" srcset=\"https:\/\/bistroberlage.com\/wp-content\/uploads\/2024\/02\/Ontwerp-zonder-titel-2024-02-21T152647.381.png 1440w, https:\/\/bistroberlage.com\/wp-content\/uploads\/2024\/02\/Ontwerp-zonder-titel-2024-02-21T152647.381-300x104.png 300w, https:\/\/bistroberlage.com\/wp-content\/uploads\/2024\/02\/Ontwerp-zonder-titel-2024-02-21T152647.381-1024x356.png 1024w, https:\/\/bistroberlage.com\/wp-content\/uploads\/2024\/02\/Ontwerp-zonder-titel-2024-02-21T152647.381-768x267.png 768w\" sizes=\"(max-width: 1440px) 100vw, 1440px\" \/>\t\t\t\t\t\t\t\t\t\t\t\t\t\t\t<\/div>\n\t\t\t\t<\/div>\n\t\t\t\t<\/div>\n\t\t<div class=\"elementor-element elementor-element-8cb1042 e-flex e-con-boxed e-con e-parent\" data-id=\"8cb1042\" data-element_type=\"container\" data-e-type=\"container\">\n\t\t\t\t\t<div class=\"e-con-inner\">\n\t\t<div class=\"elementor-element elementor-element-4d8615c e-flex e-con-boxed e-con e-child\" data-id=\"4d8615c\" data-element_type=\"container\" data-e-type=\"container\" data-settings=\"{&quot;background_background&quot;:&quot;classic&quot;}\">\n\t\t\t\t\t<div class=\"e-con-inner\">\n\t\t\t\t\t<\/div>\n\t\t\t\t<\/div>\n\t\t\t\t\t<\/div>\n\t\t\t\t<\/div>\n\t\t\t\t<\/div>\n\t\t","protected":false},"excerpt":{"rendered":"<p>TRANSFORMEZ VOTRE MOMENT EN UNE EXP\u00c9RIENCE INOUBLIABLE CHEZ BISTRO BERLAGE R\u00eavez-vous d&rsquo;une table au c\u0153ur vibrant d&rsquo;Amsterdam, o\u00f9 l&rsquo;histoire et la finesse culinaire se donnent la main? Chez Bistro Berlage, chaque repas est un voyage \u00e0 travers les saveurs riches que notre ville a \u00e0 offrir. R\u00e9servez votre place d\u00e8s maintenant via notre formulaire facile [&hellip;]<\/p>\n","protected":false},"author":15,"featured_media":8001,"parent":0,"menu_order":0,"comment_status":"closed","ping_status":"closed","template":"","meta":{"_acf_changed":false,"footnotes":""},"class_list":["post-7999","page","type-page","status-publish","has-post-thumbnail","hentry"],"acf":[],"_links":{"self":[{"href":"https:\/\/bistroberlage.com\/fr\/wp-json\/wp\/v2\/pages\/7999","targetHints":{"allow":["GET"]}}],"collection":[{"href":"https:\/\/bistroberlage.com\/fr\/wp-json\/wp\/v2\/pages"}],"about":[{"href":"https:\/\/bistroberlage.com\/fr\/wp-json\/wp\/v2\/types\/page"}],"author":[{"embeddable":true,"href":"https:\/\/bistroberlage.com\/fr\/wp-json\/wp\/v2\/users\/15"}],"replies":[{"embeddable":true,"href":"https:\/\/bistroberlage.com\/fr\/wp-json\/wp\/v2\/comments?post=7999"}],"version-history":[{"count":10,"href":"https:\/\/bistroberlage.com\/fr\/wp-json\/wp\/v2\/pages\/7999\/revisions"}],"predecessor-version":[{"id":9818,"href":"https:\/\/bistroberlage.com\/fr\/wp-json\/wp\/v2\/pages\/7999\/revisions\/9818"}],"wp:featuredmedia":[{"embeddable":true,"href":"https:\/\/bistroberlage.com\/fr\/wp-json\/wp\/v2\/media\/8001"}],"wp:attachment":[{"href":"https:\/\/bistroberlage.com\/fr\/wp-json\/wp\/v2\/media?parent=7999"}],"curies":[{"name":"wp","href":"https:\/\/api.w.org\/{rel}","templated":true}]}}