{"id":8008,"date":"2023-04-20T10:11:31","date_gmt":"2023-04-20T08:11:31","guid":{"rendered":"https:\/\/bistro-berlage.mysites.io\/privacyverklaring\/"},"modified":"2025-09-19T16:47:27","modified_gmt":"2025-09-19T14:47:27","slug":"declaration-de-confidentialite","status":"publish","type":"page","link":"https:\/\/bistroberlage.com\/fr\/declaration-de-confidentialite\/","title":{"rendered":"D\u00e9claration de confidentialit\u00e9"},"content":{"rendered":"\t\t<div data-elementor-type=\"wp-page\" data-elementor-id=\"8008\" class=\"elementor elementor-8008 elementor-5719\" data-elementor-post-type=\"page\">\n\t\t\t\t<div class=\"elementor-element elementor-element-0f4b213 e-con-full e-flex e-con e-parent\" data-id=\"0f4b213\" data-element_type=\"container\" data-e-type=\"container\">\n\t\t<div class=\"elementor-element elementor-element-2a260c3 e-flex e-con-boxed e-con e-child\" data-id=\"2a260c3\" data-element_type=\"container\" data-e-type=\"container\">\n\t\t\t\t\t<div class=\"e-con-inner\">\n\t\t\t\t<div class=\"elementor-element elementor-element-0376861 elementor-widget elementor-widget-heading\" data-id=\"0376861\" data-element_type=\"widget\" data-e-type=\"widget\" data-widget_type=\"heading.default\">\n\t\t\t\t<div class=\"elementor-widget-container\">\n\t\t\t\t\t<h2 class=\"elementor-heading-title elementor-size-default\">D\u00e9claration de confidentialit\u00e9<\/h2>\t\t\t\t<\/div>\n\t\t\t\t<\/div>\n\t\t\t\t<div class=\"elementor-element elementor-element-5048aca elementor-widget elementor-widget-text-editor\" data-id=\"5048aca\" data-element_type=\"widget\" data-e-type=\"widget\" data-widget_type=\"text-editor.default\">\n\t\t\t\t<div class=\"elementor-widget-container\">\n\t\t\t\t\t\t\t\t\t<div style=\"-webkit-user-drag: none; -webkit-tap-highlight-color: transparent; margin: 0px; padding: 0px; user-select: text; clear: both; cursor: text; overflow: visible; position: relative; direction: ltr; color: #000000; font-family: 'Segoe UI', 'Segoe UI Web', Arial, Verdana, sans-serif; font-size: 12px;\">\u00a0<\/div><div style=\"-webkit-user-drag: none; -webkit-tap-highlight-color: transparent; margin: 0px; padding: 0px; user-select: text; clear: both; cursor: text; overflow: visible; position: relative; direction: ltr; color: #000000; font-family: 'Segoe UI', 'Segoe UI Web', Arial, Verdana, sans-serif; font-size: 12px;\"><p style=\"-webkit-user-drag: none; -webkit-tap-highlight-color: transparent; margin: 0px 0px 24px; padding: 0px; user-select: text; overflow-wrap: break-word; white-space-collapse: preserve; vertical-align: baseline; font-kerning: none; color: windowtext;\"><span lang=\"NL-NL\" style=\"-webkit-user-drag: none; -webkit-tap-highlight-color: transparent; margin: 0px; padding: 0px; user-select: text; font-variant-ligatures: none !important; color: #231f20; font-size: 12pt; line-height: 19px; font-family: Calibri, Calibri_EmbeddedFont, Calibri_MSFontService, sans-serif;\" xml:lang=\"NL-NL\" data-contrast=\"none\"><span style=\"-webkit-user-drag: none; -webkit-tap-highlight-color: transparent; margin: 0px; padding: 0px; user-select: text;\">Bistro Berlage est un bistro contemporian et \u00e9l\u00e9gant situ\u00e9 dans la Beurs van Berlage. Notre objectif est d&rsquo;offrir \u00e0 nos clients une belle exp\u00e9rience culinaire et le meuilleur service possible. <\/span><\/span><\/p><p style=\"-webkit-user-drag: none; -webkit-tap-highlight-color: transparent; margin: 0px 0px 24px; padding: 0px; user-select: text; overflow-wrap: break-word; white-space-collapse: preserve; vertical-align: baseline; font-kerning: none; color: windowtext;\"><span lang=\"NL-NL\" style=\"-webkit-user-drag: none; -webkit-tap-highlight-color: transparent; margin: 0px; padding: 0px; user-select: text; font-variant-ligatures: none !important; color: #231f20; font-size: 12pt; line-height: 19px; font-family: Calibri, Calibri_EmbeddedFont, Calibri_MSFontService, sans-serif;\" xml:lang=\"NL-NL\" data-contrast=\"none\"><span style=\"-webkit-user-drag: none; -webkit-tap-highlight-color: transparent; margin: 0px; padding: 0px; user-select: text;\">Afin de mieux servir tous les visiteurs, nous traitons doc dans certaines situations des donn\u00e9es personnelles. Dans cette <a href=\"https:\/\/bistroberlage.com\/wp-content\/uploads\/2024\/03\/Privacy-Statement-of-Beurs-van-Berlage-Conference-Services-1.pdf\">d\u00e9claration de confidentialit\u00e9<\/a>, vous pouvez lire quelles donn\u00e9es personnelles Bistro Berlage collecte et utilise et comment nous les traitons. Nous indiquons \u00e9galement les mesures que nous avons prises pour s\u00e9curiser vos donn\u00e9es. Cela s&rsquo;applique \u00e0 tous les moyens de communication que vous utilisez pour entrer en contact avec nous, tels qu&rsquo;Internet, l&rsquo;e-mail et les m\u00e9dias sociaux. <\/span><\/span><\/p><p style=\"-webkit-user-drag: none; -webkit-tap-highlight-color: transparent; margin: 0px 0px 24px; padding: 0px; user-select: text; overflow-wrap: break-word; white-space-collapse: preserve; vertical-align: baseline; font-kerning: none; color: windowtext;\"><span lang=\"NL-NL\" style=\"-webkit-user-drag: none; -webkit-tap-highlight-color: transparent; margin: 0px; padding: 0px; user-select: text; font-variant-ligatures: none !important; color: #231f20; font-size: 12pt; line-height: 19px; font-family: Calibri, Calibri_EmbeddedFont, Calibri_MSFontService, sans-serif;\" xml:lang=\"NL-NL\" data-contrast=\"none\"><span style=\"-webkit-user-drag: none; -webkit-tap-highlight-color: transparent; margin: 0px; padding: 0px; user-select: text;\">Bistro Berlage se conferme dans tous les cas \u00e0 la l\u00e9gislation applicable, y compris le R\u00e8glement G\u00e9n\u00e9ral sur la Protection des Donn\u00e9es. Nous sommes conscients de notre responsabilit\u00e9 de traiter vos donn\u00e9es avec soin. C&rsquo;est pourquoi nous avons pris diverses mesures de s\u00e9curit\u00e9. <\/span><\/span><\/p><\/div><div style=\"-webkit-user-drag: none; -webkit-tap-highlight-color: transparent; margin: 0px; padding: 0px; user-select: text; clear: both; cursor: text; overflow: visible; position: relative; direction: ltr; color: #000000; font-family: 'Segoe UI', 'Segoe UI Web', Arial, Verdana, sans-serif; font-size: 12px;\">\u00a0<\/div>\t\t\t\t\t\t\t\t<\/div>\n\t\t\t\t<\/div>\n\t\t\t\t<div class=\"elementor-element elementor-element-8b04e57 elementor-widget elementor-widget-button\" data-id=\"8b04e57\" data-element_type=\"widget\" data-e-type=\"widget\" data-widget_type=\"button.default\">\n\t\t\t\t<div class=\"elementor-widget-container\">\n\t\t\t\t\t\t\t\t\t<div class=\"elementor-button-wrapper\">\n\t\t\t\t\t<a class=\"elementor-button elementor-button-link elementor-size-sm\" href=\"https:\/\/bistroberlage.com\/wp-content\/uploads\/2024\/03\/Privacy-Statement-of-Beurs-van-Berlage-Conference-Services-1.pdf\" target=\"_blank\" rel=\"nofollow\">\n\t\t\t\t\t\t<span class=\"elementor-button-content-wrapper\">\n\t\t\t\t\t\t\t\t\t<span class=\"elementor-button-text\">D\u00e9claration de confidentialit\u00e9<\/span>\n\t\t\t\t\t<\/span>\n\t\t\t\t\t<\/a>\n\t\t\t\t<\/div>\n\t\t\t\t\t\t\t\t<\/div>\n\t\t\t\t<\/div>\n\t\t\t\t\t<\/div>\n\t\t\t\t<\/div>\n\t\t\t\t<\/div>\n\t\t\t\t<\/div>\n\t\t","protected":false},"excerpt":{"rendered":"<p>&nbsp; Bistro Berlage est un bistro contemporian et \u00e9l\u00e9gant situ\u00e9 dans la Beurs van Berlage. Notre objectif est d&rsquo;offrir \u00e0 nos clients une belle exp\u00e9rience culinaire et le meuilleur service possible. Afin de mieux servir tous les visiteurs, nous traitons doc dans certaines situations des donn\u00e9es personnelles. Dans cette d\u00e9claration de confidentialit\u00e9, vous pouvez lire [&hellip;]<\/p>\n","protected":false},"author":15,"featured_media":8009,"parent":0,"menu_order":0,"comment_status":"closed","ping_status":"closed","template":"","meta":{"_acf_changed":false,"footnotes":""},"class_list":["post-8008","page","type-page","status-publish","has-post-thumbnail","hentry"],"acf":[],"_links":{"self":[{"href":"https:\/\/bistroberlage.com\/fr\/wp-json\/wp\/v2\/pages\/8008","targetHints":{"allow":["GET"]}}],"collection":[{"href":"https:\/\/bistroberlage.com\/fr\/wp-json\/wp\/v2\/pages"}],"about":[{"href":"https:\/\/bistroberlage.com\/fr\/wp-json\/wp\/v2\/types\/page"}],"author":[{"embeddable":true,"href":"https:\/\/bistroberlage.com\/fr\/wp-json\/wp\/v2\/users\/15"}],"replies":[{"embeddable":true,"href":"https:\/\/bistroberlage.com\/fr\/wp-json\/wp\/v2\/comments?post=8008"}],"version-history":[{"count":10,"href":"https:\/\/bistroberlage.com\/fr\/wp-json\/wp\/v2\/pages\/8008\/revisions"}],"predecessor-version":[{"id":8792,"href":"https:\/\/bistroberlage.com\/fr\/wp-json\/wp\/v2\/pages\/8008\/revisions\/8792"}],"wp:featuredmedia":[{"embeddable":true,"href":"https:\/\/bistroberlage.com\/fr\/wp-json\/wp\/v2\/media\/8009"}],"wp:attachment":[{"href":"https:\/\/bistroberlage.com\/fr\/wp-json\/wp\/v2\/media?parent=8008"}],"curies":[{"name":"wp","href":"https:\/\/api.w.org\/{rel}","templated":true}]}}